{"id":92,"date":"2022-01-01T23:33:36","date_gmt":"2022-01-01T22:33:36","guid":{"rendered":"http:\/\/passionvehiculesvaldesaone.com\/?page_id=92"},"modified":"2025-12-24T17:05:16","modified_gmt":"2025-12-24T16:05:16","slug":"bulletin-dinscription","status":"publish","type":"page","link":"https:\/\/passionvehiculesvaldesaone.com\/index.php\/bulletin-dinscription\/","title":{"rendered":"Bulletin d&rsquo;inscription"},"content":{"rendered":"\n<p>Merci de t\u00e9l\u00e9charger et compl\u00e9ter ce bulletin d&rsquo;inscription pour nous rejoindre et partager nos passions.  Vous pouvez nous l&rsquo;envoyer par voie postale, mail ou directement par un membre du bureau.<\/p>\n\n\n\n<p><\/p>\n\n\n\n<p>V\u00e9hiculement v\u00f4tre.                            Le bureau <\/p>\n\n\n\n<div data-wp-interactive=\"core\/file\" class=\"wp-block-file\"><object data-wp-bind--hidden=\"!state.hasPdfPreview\"  class=\"wp-block-file__embed\" data=\"https:\/\/passionvehiculesvaldesaone.com\/wp-content\/uploads\/2025\/12\/adhesion-P2VS-2026.pdf\" type=\"application\/pdf\" style=\"width:100%;height:600px\" aria-label=\"Contenu embarqu\u00e9 adhesion-P2VS-2026.\"><\/object><a id=\"wp-block-file--media-c9d3ac86-a025-4ef7-9723-fe3cd28e5bbb\" href=\"https:\/\/passionvehiculesvaldesaone.com\/wp-content\/uploads\/2025\/12\/adhesion-P2VS-2026.pdf\">adhesion-P2VS-2026<\/a><a href=\"https:\/\/passionvehiculesvaldesaone.com\/wp-content\/uploads\/2025\/12\/adhesion-P2VS-2026.pdf\" class=\"wp-block-file__button wp-element-button\" download aria-describedby=\"wp-block-file--media-c9d3ac86-a025-4ef7-9723-fe3cd28e5bbb\">T\u00e9l\u00e9charger<\/a><\/div>\n\n\n\n<p><\/p>\n","protected":false},"excerpt":{"rendered":"<p>Merci de t\u00e9l\u00e9charger et compl\u00e9ter ce bulletin d&rsquo;inscription pour nous rejoindre et partager nos passions. Vous pouvez nous l&rsquo;envoyer par voie postale, mail ou directement par un membre du bureau. [&hellip;]<\/p>\n","protected":false},"author":1,"featured_media":0,"parent":0,"menu_order":0,"comment_status":"closed","ping_status":"closed","template":"","meta":{"footnotes":""},"_links":{"self":[{"href":"https:\/\/passionvehiculesvaldesaone.com\/index.php\/wp-json\/wp\/v2\/pages\/92"}],"collection":[{"href":"https:\/\/passionvehiculesvaldesaone.com\/index.php\/wp-json\/wp\/v2\/pages"}],"about":[{"href":"https:\/\/passionvehiculesvaldesaone.com\/index.php\/wp-json\/wp\/v2\/types\/page"}],"author":[{"embeddable":true,"href":"https:\/\/passionvehiculesvaldesaone.com\/index.php\/wp-json\/wp\/v2\/users\/1"}],"replies":[{"embeddable":true,"href":"https:\/\/passionvehiculesvaldesaone.com\/index.php\/wp-json\/wp\/v2\/comments?post=92"}],"version-history":[{"count":12,"href":"https:\/\/passionvehiculesvaldesaone.com\/index.php\/wp-json\/wp\/v2\/pages\/92\/revisions"}],"predecessor-version":[{"id":1597,"href":"https:\/\/passionvehiculesvaldesaone.com\/index.php\/wp-json\/wp\/v2\/pages\/92\/revisions\/1597"}],"wp:attachment":[{"href":"https:\/\/passionvehiculesvaldesaone.com\/index.php\/wp-json\/wp\/v2\/media?parent=92"}],"curies":[{"name":"wp","href":"https:\/\/api.w.org\/{rel}","templated":true}]}}