{"id":90,"date":"2022-01-17T21:39:16","date_gmt":"2022-01-17T20:39:16","guid":{"rendered":"http:\/\/passionvehiculesvaldesaone.com\/?page_id=90"},"modified":"2022-01-17T21:39:16","modified_gmt":"2022-01-17T20:39:16","slug":"le-bureau-p2vs","status":"publish","type":"page","link":"https:\/\/passionvehiculesvaldesaone.com\/index.php\/le-bureau-p2vs\/","title":{"rendered":"Le bureau P2VS"},"content":{"rendered":"\n<p>Une petite pr\u00e9sentation des membres de notre bureau avec 6 copains qui partagent la m\u00eame passion autour de nos v\u00e9hicules.<\/p>\n\n\n\n<figure class=\"wp-block-image size-full\"><img loading=\"lazy\" decoding=\"async\" width=\"593\" height=\"394\" src=\"https:\/\/passionvehiculesvaldesaone.com\/wp-content\/uploads\/2022\/01\/photo-auto-bureau.jpg\" alt=\"\" class=\"wp-image-206\" srcset=\"https:\/\/passionvehiculesvaldesaone.com\/wp-content\/uploads\/2022\/01\/photo-auto-bureau.jpg 593w, https:\/\/passionvehiculesvaldesaone.com\/wp-content\/uploads\/2022\/01\/photo-auto-bureau-300x199.jpg 300w\" sizes=\"(max-width: 593px) 100vw, 593px\" \/><\/figure>\n\n\n\n<p>Notre espoir autour de ce club, de r\u00e9unir des passionn\u00e9(e)s comme nous autour de v\u00e9hicules anciens ou d&rsquo;exceptions, partager nos astuces et donner l&rsquo;aide dans nos petites gal\u00e8res qui font le charme de nos autos, camion, motos, mobylettes, tracteurs&#8230;&#8230;bref tout ce qui roule avec un moteur.<\/p>\n\n\n\n<figure class=\"wp-block-gallery alignwide columns-3 is-cropped wp-block-gallery-1 is-layout-flex wp-block-gallery-is-layout-flex\"><ul class=\"blocks-gallery-grid\"><li class=\"blocks-gallery-item\"><figure><img loading=\"lazy\" decoding=\"async\" width=\"899\" height=\"1024\" src=\"https:\/\/passionvehiculesvaldesaone.com\/wp-content\/uploads\/2022\/01\/IMG-20220114-WA0007-1.jpg\" alt=\"\" data-id=\"217\" data-full-url=\"https:\/\/passionvehiculesvaldesaone.com\/wp-content\/uploads\/2022\/01\/IMG-20220114-WA0007-1.jpg\" data-link=\"https:\/\/passionvehiculesvaldesaone.com\/?attachment_id=217\" class=\"wp-image-217\" srcset=\"https:\/\/passionvehiculesvaldesaone.com\/wp-content\/uploads\/2022\/01\/IMG-20220114-WA0007-1.jpg 899w, https:\/\/passionvehiculesvaldesaone.com\/wp-content\/uploads\/2022\/01\/IMG-20220114-WA0007-1-263x300.jpg 263w, https:\/\/passionvehiculesvaldesaone.com\/wp-content\/uploads\/2022\/01\/IMG-20220114-WA0007-1-768x875.jpg 768w\" sizes=\"(max-width: 899px) 100vw, 899px\" \/><figcaption class=\"blocks-gallery-item__caption\">Alexis, notre secr\u00e9taire.<\/figcaption><\/figure><\/li><li class=\"blocks-gallery-item\"><figure><img loading=\"lazy\" decoding=\"async\" width=\"768\" height=\"1024\" src=\"https:\/\/passionvehiculesvaldesaone.com\/wp-content\/uploads\/2022\/01\/IMG-20220114-WA0006-1.jpg\" alt=\"\" data-id=\"218\" data-full-url=\"https:\/\/passionvehiculesvaldesaone.com\/wp-content\/uploads\/2022\/01\/IMG-20220114-WA0006-1.jpg\" data-link=\"https:\/\/passionvehiculesvaldesaone.com\/?attachment_id=218\" class=\"wp-image-218\" srcset=\"https:\/\/passionvehiculesvaldesaone.com\/wp-content\/uploads\/2022\/01\/IMG-20220114-WA0006-1.jpg 768w, https:\/\/passionvehiculesvaldesaone.com\/wp-content\/uploads\/2022\/01\/IMG-20220114-WA0006-1-225x300.jpg 225w\" sizes=\"(max-width: 768px) 100vw, 768px\" \/><figcaption class=\"blocks-gallery-item__caption\">Philippe, notre secr\u00e9taire adjoint.<\/figcaption><\/figure><\/li><li class=\"blocks-gallery-item\"><figure><img loading=\"lazy\" decoding=\"async\" width=\"1528\" height=\"1064\" src=\"https:\/\/passionvehiculesvaldesaone.com\/wp-content\/uploads\/2022\/01\/IMG-20220114-WA0000-1.jpg\" alt=\"\" data-id=\"216\" data-full-url=\"https:\/\/passionvehiculesvaldesaone.com\/wp-content\/uploads\/2022\/01\/IMG-20220114-WA0000-1.jpg\" data-link=\"https:\/\/passionvehiculesvaldesaone.com\/?attachment_id=216\" class=\"wp-image-216\" srcset=\"https:\/\/passionvehiculesvaldesaone.com\/wp-content\/uploads\/2022\/01\/IMG-20220114-WA0000-1.jpg 1528w, https:\/\/passionvehiculesvaldesaone.com\/wp-content\/uploads\/2022\/01\/IMG-20220114-WA0000-1-300x209.jpg 300w, https:\/\/passionvehiculesvaldesaone.com\/wp-content\/uploads\/2022\/01\/IMG-20220114-WA0000-1-1024x713.jpg 1024w, https:\/\/passionvehiculesvaldesaone.com\/wp-content\/uploads\/2022\/01\/IMG-20220114-WA0000-1-768x535.jpg 768w, https:\/\/passionvehiculesvaldesaone.com\/wp-content\/uploads\/2022\/01\/IMG-20220114-WA0000-1-1200x836.jpg 1200w\" sizes=\"(max-width: 1528px) 100vw, 1528px\" \/><figcaption class=\"blocks-gallery-item__caption\">Bruno, notre tr\u00e9sorier.<\/figcaption><\/figure><\/li><li class=\"blocks-gallery-item\"><figure><img loading=\"lazy\" decoding=\"async\" width=\"1024\" height=\"768\" src=\"https:\/\/passionvehiculesvaldesaone.com\/wp-content\/uploads\/2022\/01\/IMG-20220114-WA0001.jpg\" alt=\"\" data-id=\"211\" data-link=\"https:\/\/passionvehiculesvaldesaone.com\/?attachment_id=211\" class=\"wp-image-211\" srcset=\"https:\/\/passionvehiculesvaldesaone.com\/wp-content\/uploads\/2022\/01\/IMG-20220114-WA0001.jpg 1024w, https:\/\/passionvehiculesvaldesaone.com\/wp-content\/uploads\/2022\/01\/IMG-20220114-WA0001-300x225.jpg 300w, https:\/\/passionvehiculesvaldesaone.com\/wp-content\/uploads\/2022\/01\/IMG-20220114-WA0001-768x576.jpg 768w\" sizes=\"(max-width: 1024px) 100vw, 1024px\" \/><figcaption class=\"blocks-gallery-item__caption\">Claude, notre tr\u00e9sorier adjoint.<\/figcaption><\/figure><\/li><li class=\"blocks-gallery-item\"><figure><img loading=\"lazy\" decoding=\"async\" width=\"1200\" height=\"1600\" src=\"https:\/\/passionvehiculesvaldesaone.com\/wp-content\/uploads\/2022\/01\/IMG-20220114-WA0005-1.jpg\" alt=\"\" data-id=\"215\" data-full-url=\"https:\/\/passionvehiculesvaldesaone.com\/wp-content\/uploads\/2022\/01\/IMG-20220114-WA0005-1.jpg\" data-link=\"https:\/\/passionvehiculesvaldesaone.com\/?attachment_id=215\" class=\"wp-image-215\" srcset=\"https:\/\/passionvehiculesvaldesaone.com\/wp-content\/uploads\/2022\/01\/IMG-20220114-WA0005-1.jpg 1200w, https:\/\/passionvehiculesvaldesaone.com\/wp-content\/uploads\/2022\/01\/IMG-20220114-WA0005-1-225x300.jpg 225w, https:\/\/passionvehiculesvaldesaone.com\/wp-content\/uploads\/2022\/01\/IMG-20220114-WA0005-1-768x1024.jpg 768w, https:\/\/passionvehiculesvaldesaone.com\/wp-content\/uploads\/2022\/01\/IMG-20220114-WA0005-1-1152x1536.jpg 1152w\" sizes=\"(max-width: 1200px) 100vw, 1200px\" \/><figcaption class=\"blocks-gallery-item__caption\">Jean-Morgan, notre vice-pr\u00e9sident.<\/figcaption><\/figure><\/li><li class=\"blocks-gallery-item\"><figure><img loading=\"lazy\" decoding=\"async\" width=\"2560\" height=\"1920\" src=\"https:\/\/passionvehiculesvaldesaone.com\/wp-content\/uploads\/2022\/01\/20190913_110424-scaled.jpg\" alt=\"\" data-id=\"213\" data-link=\"https:\/\/passionvehiculesvaldesaone.com\/?attachment_id=213\" class=\"wp-image-213\" srcset=\"https:\/\/passionvehiculesvaldesaone.com\/wp-content\/uploads\/2022\/01\/20190913_110424-scaled.jpg 2560w, https:\/\/passionvehiculesvaldesaone.com\/wp-content\/uploads\/2022\/01\/20190913_110424-300x225.jpg 300w, https:\/\/passionvehiculesvaldesaone.com\/wp-content\/uploads\/2022\/01\/20190913_110424-1024x768.jpg 1024w, https:\/\/passionvehiculesvaldesaone.com\/wp-content\/uploads\/2022\/01\/20190913_110424-768x576.jpg 768w, https:\/\/passionvehiculesvaldesaone.com\/wp-content\/uploads\/2022\/01\/20190913_110424-1536x1152.jpg 1536w, https:\/\/passionvehiculesvaldesaone.com\/wp-content\/uploads\/2022\/01\/20190913_110424-2048x1536.jpg 2048w, https:\/\/passionvehiculesvaldesaone.com\/wp-content\/uploads\/2022\/01\/20190913_110424-1200x900.jpg 1200w, https:\/\/passionvehiculesvaldesaone.com\/wp-content\/uploads\/2022\/01\/20190913_110424-1980x1485.jpg 1980w\" sizes=\"(max-width: 2560px) 100vw, 2560px\" \/><figcaption class=\"blocks-gallery-item__caption\">Jean-Yves, notre pr\u00e9sident.<\/figcaption><\/figure><\/li><\/ul><\/figure>\n\n\n\n<p class=\"has-text-align-right\">A bient\u00f4t autour d&rsquo;une exposition, d&rsquo;une sortie sur nos belles routes.<\/p>\n\n\n\n<p class=\"has-text-align-right\">V\u00e9hiculement votre,le bureau.<\/p>\n","protected":false},"excerpt":{"rendered":"<p>Une petite pr\u00e9sentation des membres de notre bureau avec 6 copains qui partagent la m\u00eame passion autour de nos v\u00e9hicules. Notre espoir autour de ce club, de r\u00e9unir des passionn\u00e9(e)s [&hellip;]<\/p>\n","protected":false},"author":1,"featured_media":0,"parent":0,"menu_order":0,"comment_status":"closed","ping_status":"closed","template":"","meta":{"footnotes":""},"_links":{"self":[{"href":"https:\/\/passionvehiculesvaldesaone.com\/index.php\/wp-json\/wp\/v2\/pages\/90"}],"collection":[{"href":"https:\/\/passionvehiculesvaldesaone.com\/index.php\/wp-json\/wp\/v2\/pages"}],"about":[{"href":"https:\/\/passionvehiculesvaldesaone.com\/index.php\/wp-json\/wp\/v2\/types\/page"}],"author":[{"embeddable":true,"href":"https:\/\/passionvehiculesvaldesaone.com\/index.php\/wp-json\/wp\/v2\/users\/1"}],"replies":[{"embeddable":true,"href":"https:\/\/passionvehiculesvaldesaone.com\/index.php\/wp-json\/wp\/v2\/comments?post=90"}],"version-history":[{"count":3,"href":"https:\/\/passionvehiculesvaldesaone.com\/index.php\/wp-json\/wp\/v2\/pages\/90\/revisions"}],"predecessor-version":[{"id":219,"href":"https:\/\/passionvehiculesvaldesaone.com\/index.php\/wp-json\/wp\/v2\/pages\/90\/revisions\/219"}],"wp:attachment":[{"href":"https:\/\/passionvehiculesvaldesaone.com\/index.php\/wp-json\/wp\/v2\/media?parent=90"}],"curies":[{"name":"wp","href":"https:\/\/api.w.org\/{rel}","templated":true}]}}