{"id":88,"date":"2022-01-01T23:47:37","date_gmt":"2022-01-01T22:47:37","guid":{"rendered":"http:\/\/passionvehiculesvaldesaone.com\/?page_id=88"},"modified":"2022-01-01T23:58:12","modified_gmt":"2022-01-01T22:58:12","slug":"conditions-dadhesion","status":"publish","type":"page","link":"https:\/\/passionvehiculesvaldesaone.com\/index.php\/conditions-dadhesion\/","title":{"rendered":"Conditions d&rsquo;adh\u00e9sion"},"content":{"rendered":"\n<p>Le Club Passion V\u00e9hicules Val de Sa\u00f4ne est une association loi 1901, cr\u00e9\u00e9e par des passionn\u00e9s de v\u00e9hicules anciens et d&rsquo;exceptions. C&rsquo;est avant tout un groupe de b\u00e9n\u00e9voles qui souhaitent une ambiance amicale autour d&rsquo;une m\u00eame passion : le v\u00e9hicule de collection \u00e0 2, 3, 4 &#8230;.roues.<\/p>\n\n\n\n<p>L&rsquo;association se compose de :<br>\u2022 Membres actifs ou adh\u00e9rents <br>\u2022 Membres bienfaiteurs <br>\u2022 Membres d&rsquo;honneur<\/p>\n\n\n\n<p><br>Le nombre d&rsquo;adh\u00e9rents est forc\u00e9ment limit\u00e9 et les conditions d&rsquo;adh\u00e9sion sont les suivantes :<br>Tout nouveau membre doit \u00eatre parrain\u00e9 et pr\u00e9sent\u00e9 par un membre de l\u2019association, pr\u00e9alablement \u00e0 son agr\u00e9ment. Il se devra de respecter la charte de bonne conduite instaur\u00e9e par le Club.<br>Il est agr\u00e9\u00e9 par le bureau statuant \u00e0 l\u2019unanimit\u00e9 de ses membres. Le bureau se r\u00e9serve le droit de refuser la demande d\u2019adh\u00e9sion sans<br>avoir \u00e0 motiver sa d\u00e9cision.<br>Les personnes d\u00e9sirant adh\u00e9rer doivent remplir un bulletin d\u2019adh\u00e9sion.<br>Toutes les admissions seront vot\u00e9es \u00e0 bulletin secret.<\/p>\n\n\n\n<p>Le nouvel adh\u00e9rent s&rsquo;engage \u00e0 r\u00e9gler sa cotisation annuelle le 1er janvier de l&rsquo;ann\u00e9e civile.<\/p>\n\n\n\n<p>Les adh\u00e9rents sont les bienvenus pour participer \u00e0 la vie du Club lors des pr\u00e9parations des diff\u00e9rents \u00e9v\u00e9nements qui seront propos\u00e9s.<\/p>\n","protected":false},"excerpt":{"rendered":"<p>Le Club Passion V\u00e9hicules Val de Sa\u00f4ne est une association loi 1901, cr\u00e9\u00e9e par des passionn\u00e9s de v\u00e9hicules anciens et d&rsquo;exceptions. C&rsquo;est avant tout un groupe de b\u00e9n\u00e9voles qui souhaitent [&hellip;]<\/p>\n","protected":false},"author":1,"featured_media":0,"parent":0,"menu_order":0,"comment_status":"closed","ping_status":"closed","template":"","meta":{"footnotes":""},"_links":{"self":[{"href":"https:\/\/passionvehiculesvaldesaone.com\/index.php\/wp-json\/wp\/v2\/pages\/88"}],"collection":[{"href":"https:\/\/passionvehiculesvaldesaone.com\/index.php\/wp-json\/wp\/v2\/pages"}],"about":[{"href":"https:\/\/passionvehiculesvaldesaone.com\/index.php\/wp-json\/wp\/v2\/types\/page"}],"author":[{"embeddable":true,"href":"https:\/\/passionvehiculesvaldesaone.com\/index.php\/wp-json\/wp\/v2\/users\/1"}],"replies":[{"embeddable":true,"href":"https:\/\/passionvehiculesvaldesaone.com\/index.php\/wp-json\/wp\/v2\/comments?post=88"}],"version-history":[{"count":2,"href":"https:\/\/passionvehiculesvaldesaone.com\/index.php\/wp-json\/wp\/v2\/pages\/88\/revisions"}],"predecessor-version":[{"id":190,"href":"https:\/\/passionvehiculesvaldesaone.com\/index.php\/wp-json\/wp\/v2\/pages\/88\/revisions\/190"}],"wp:attachment":[{"href":"https:\/\/passionvehiculesvaldesaone.com\/index.php\/wp-json\/wp\/v2\/media?parent=88"}],"curies":[{"name":"wp","href":"https:\/\/api.w.org\/{rel}","templated":true}]}}