{"id":702,"date":"2023-05-03T19:16:27","date_gmt":"2023-05-03T17:16:27","guid":{"rendered":"http:\/\/passionvehiculesvaldesaone.com\/?page_id=702"},"modified":"2023-05-03T19:16:27","modified_gmt":"2023-05-03T17:16:27","slug":"dimanche-30-avril","status":"publish","type":"page","link":"https:\/\/passionvehiculesvaldesaone.com\/index.php\/dimanche-30-avril\/","title":{"rendered":"Dimanche 30 avril"},"content":{"rendered":"\n<p>A l&rsquo;occasion de la JNVE, nous avons fait notre premi\u00e8re sortie de l&rsquo;ann\u00e9e \u00e0 travers la campagne du bassin graylois et ses jolies petites routes. D\u00e9part du parking de l&rsquo;Intermarch\u00e9, mis \u00e0 notre disposition gracieusement par S\u00e9bastien Horvat, d\u00e9gourdissement tranquillement de nos jantes sur environ 60 km, retour sur le m\u00eame parking pour un verre de l&rsquo;amiti\u00e9.<\/p>\n\n\n\n<p>Le soleil et la bonne humeur \u00e9tant tout deux pr\u00e9sents, nous pourrions presque dire en conclusion que cela \u00e9tait une belle matin\u00e9e.<\/p>\n\n\n\n<p><\/p>\n\n\n\n<p>Je profite de cette page pour dire merci aux participants de cette balade, \u00e0 ceux qui sont venus cous donner un coup de main pour l&rsquo;op\u00e9ration \u00ab\u00a0Stand de Gaufres\u00a0\u00bb samedi 29 avril et \u00e0 l&rsquo;\u00e9quipe de l&rsquo;Intermarch\u00e9 ainsi que son g\u00e9rant, M Horvat, pour l&rsquo;accueil qu&rsquo;ils nous ont r\u00e9serv\u00e9 lors de ce samedi.<\/p>\n\n\n\n<p>Place \u00e0 quelques photos, et \u00e0 bient\u00f4t<\/p>\n\n\n\n<div class=\"wp-block-columns alignfull is-layout-flex wp-container-core-columns-is-layout-1 wp-block-columns-is-layout-flex\">\n<div class=\"wp-block-column is-layout-flow wp-block-column-is-layout-flow\" style=\"flex-basis:100%\">\n<figure class=\"wp-block-gallery aligncenter columns-3 is-cropped wp-block-gallery-1 is-layout-flex wp-block-gallery-is-layout-flex\"><ul class=\"blocks-gallery-grid\"><li class=\"blocks-gallery-item\"><figure><img loading=\"lazy\" decoding=\"async\" width=\"1024\" height=\"576\" src=\"https:\/\/passionvehiculesvaldesaone.com\/wp-content\/uploads\/2023\/05\/image-2-1024x576.jpg\" alt=\"\" data-id=\"704\" data-full-url=\"https:\/\/passionvehiculesvaldesaone.com\/wp-content\/uploads\/2023\/05\/image-2-scaled.jpg\" data-link=\"https:\/\/passionvehiculesvaldesaone.com\/?attachment_id=704\" class=\"wp-image-704\" srcset=\"https:\/\/passionvehiculesvaldesaone.com\/wp-content\/uploads\/2023\/05\/image-2-1024x576.jpg 1024w, https:\/\/passionvehiculesvaldesaone.com\/wp-content\/uploads\/2023\/05\/image-2-300x169.jpg 300w, https:\/\/passionvehiculesvaldesaone.com\/wp-content\/uploads\/2023\/05\/image-2-768x432.jpg 768w, https:\/\/passionvehiculesvaldesaone.com\/wp-content\/uploads\/2023\/05\/image-2-1536x864.jpg 1536w, https:\/\/passionvehiculesvaldesaone.com\/wp-content\/uploads\/2023\/05\/image-2-2048x1152.jpg 2048w, https:\/\/passionvehiculesvaldesaone.com\/wp-content\/uploads\/2023\/05\/image-2-1200x675.jpg 1200w, https:\/\/passionvehiculesvaldesaone.com\/wp-content\/uploads\/2023\/05\/image-2-1980x1114.jpg 1980w\" sizes=\"(max-width: 1024px) 100vw, 1024px\" \/><\/figure><\/li><li class=\"blocks-gallery-item\"><figure><img loading=\"lazy\" decoding=\"async\" width=\"1024\" height=\"768\" src=\"https:\/\/passionvehiculesvaldesaone.com\/wp-content\/uploads\/2023\/05\/image-5.jpg\" alt=\"\" data-id=\"707\" data-full-url=\"https:\/\/passionvehiculesvaldesaone.com\/wp-content\/uploads\/2023\/05\/image-5.jpg\" data-link=\"https:\/\/passionvehiculesvaldesaone.com\/?attachment_id=707\" class=\"wp-image-707\" srcset=\"https:\/\/passionvehiculesvaldesaone.com\/wp-content\/uploads\/2023\/05\/image-5.jpg 1024w, https:\/\/passionvehiculesvaldesaone.com\/wp-content\/uploads\/2023\/05\/image-5-300x225.jpg 300w, https:\/\/passionvehiculesvaldesaone.com\/wp-content\/uploads\/2023\/05\/image-5-768x576.jpg 768w\" sizes=\"(max-width: 1024px) 100vw, 1024px\" \/><\/figure><\/li><li class=\"blocks-gallery-item\"><figure><img loading=\"lazy\" decoding=\"async\" width=\"1024\" height=\"576\" src=\"https:\/\/passionvehiculesvaldesaone.com\/wp-content\/uploads\/2023\/05\/image-4-1024x576.jpg\" alt=\"\" data-id=\"706\" data-full-url=\"https:\/\/passionvehiculesvaldesaone.com\/wp-content\/uploads\/2023\/05\/image-4-scaled.jpg\" data-link=\"https:\/\/passionvehiculesvaldesaone.com\/?attachment_id=706\" class=\"wp-image-706\" srcset=\"https:\/\/passionvehiculesvaldesaone.com\/wp-content\/uploads\/2023\/05\/image-4-1024x576.jpg 1024w, https:\/\/passionvehiculesvaldesaone.com\/wp-content\/uploads\/2023\/05\/image-4-300x169.jpg 300w, https:\/\/passionvehiculesvaldesaone.com\/wp-content\/uploads\/2023\/05\/image-4-768x432.jpg 768w, https:\/\/passionvehiculesvaldesaone.com\/wp-content\/uploads\/2023\/05\/image-4-1536x864.jpg 1536w, https:\/\/passionvehiculesvaldesaone.com\/wp-content\/uploads\/2023\/05\/image-4-2048x1152.jpg 2048w, https:\/\/passionvehiculesvaldesaone.com\/wp-content\/uploads\/2023\/05\/image-4-1200x675.jpg 1200w, https:\/\/passionvehiculesvaldesaone.com\/wp-content\/uploads\/2023\/05\/image-4-1980x1114.jpg 1980w\" sizes=\"(max-width: 1024px) 100vw, 1024px\" \/><\/figure><\/li><li class=\"blocks-gallery-item\"><figure><img loading=\"lazy\" decoding=\"async\" width=\"1024\" height=\"576\" src=\"https:\/\/passionvehiculesvaldesaone.com\/wp-content\/uploads\/2023\/05\/image-6-1024x576.jpg\" alt=\"\" data-id=\"708\" data-full-url=\"https:\/\/passionvehiculesvaldesaone.com\/wp-content\/uploads\/2023\/05\/image-6-scaled.jpg\" data-link=\"https:\/\/passionvehiculesvaldesaone.com\/?attachment_id=708\" class=\"wp-image-708\" srcset=\"https:\/\/passionvehiculesvaldesaone.com\/wp-content\/uploads\/2023\/05\/image-6-1024x576.jpg 1024w, https:\/\/passionvehiculesvaldesaone.com\/wp-content\/uploads\/2023\/05\/image-6-300x169.jpg 300w, https:\/\/passionvehiculesvaldesaone.com\/wp-content\/uploads\/2023\/05\/image-6-768x432.jpg 768w, https:\/\/passionvehiculesvaldesaone.com\/wp-content\/uploads\/2023\/05\/image-6-1536x864.jpg 1536w, https:\/\/passionvehiculesvaldesaone.com\/wp-content\/uploads\/2023\/05\/image-6-2048x1152.jpg 2048w, https:\/\/passionvehiculesvaldesaone.com\/wp-content\/uploads\/2023\/05\/image-6-1200x675.jpg 1200w, https:\/\/passionvehiculesvaldesaone.com\/wp-content\/uploads\/2023\/05\/image-6-1980x1114.jpg 1980w\" sizes=\"(max-width: 1024px) 100vw, 1024px\" \/><\/figure><\/li><li class=\"blocks-gallery-item\"><figure><img loading=\"lazy\" decoding=\"async\" width=\"576\" height=\"1024\" src=\"https:\/\/passionvehiculesvaldesaone.com\/wp-content\/uploads\/2023\/05\/image-3-576x1024.jpg\" alt=\"\" data-id=\"705\" data-full-url=\"https:\/\/passionvehiculesvaldesaone.com\/wp-content\/uploads\/2023\/05\/image-3-scaled.jpg\" data-link=\"https:\/\/passionvehiculesvaldesaone.com\/?attachment_id=705\" class=\"wp-image-705\" srcset=\"https:\/\/passionvehiculesvaldesaone.com\/wp-content\/uploads\/2023\/05\/image-3-576x1024.jpg 576w, https:\/\/passionvehiculesvaldesaone.com\/wp-content\/uploads\/2023\/05\/image-3-169x300.jpg 169w, https:\/\/passionvehiculesvaldesaone.com\/wp-content\/uploads\/2023\/05\/image-3-768x1365.jpg 768w, https:\/\/passionvehiculesvaldesaone.com\/wp-content\/uploads\/2023\/05\/image-3-864x1536.jpg 864w, https:\/\/passionvehiculesvaldesaone.com\/wp-content\/uploads\/2023\/05\/image-3-1152x2048.jpg 1152w, https:\/\/passionvehiculesvaldesaone.com\/wp-content\/uploads\/2023\/05\/image-3-1200x2133.jpg 1200w, https:\/\/passionvehiculesvaldesaone.com\/wp-content\/uploads\/2023\/05\/image-3-1980x3520.jpg 1980w, https:\/\/passionvehiculesvaldesaone.com\/wp-content\/uploads\/2023\/05\/image-3-scaled.jpg 1440w\" sizes=\"(max-width: 576px) 100vw, 576px\" \/><\/figure><\/li><\/ul><\/figure>\n<\/div>\n<\/div>\n","protected":false},"excerpt":{"rendered":"<p>A l&rsquo;occasion de la JNVE, nous avons fait notre premi\u00e8re sortie de l&rsquo;ann\u00e9e \u00e0 travers la campagne du bassin graylois et ses jolies petites routes. D\u00e9part du parking de l&rsquo;Intermarch\u00e9, [&hellip;]<\/p>\n","protected":false},"author":1,"featured_media":0,"parent":0,"menu_order":0,"comment_status":"closed","ping_status":"closed","template":"","meta":{"footnotes":""},"_links":{"self":[{"href":"https:\/\/passionvehiculesvaldesaone.com\/index.php\/wp-json\/wp\/v2\/pages\/702"}],"collection":[{"href":"https:\/\/passionvehiculesvaldesaone.com\/index.php\/wp-json\/wp\/v2\/pages"}],"about":[{"href":"https:\/\/passionvehiculesvaldesaone.com\/index.php\/wp-json\/wp\/v2\/types\/page"}],"author":[{"embeddable":true,"href":"https:\/\/passionvehiculesvaldesaone.com\/index.php\/wp-json\/wp\/v2\/users\/1"}],"replies":[{"embeddable":true,"href":"https:\/\/passionvehiculesvaldesaone.com\/index.php\/wp-json\/wp\/v2\/comments?post=702"}],"version-history":[{"count":1,"href":"https:\/\/passionvehiculesvaldesaone.com\/index.php\/wp-json\/wp\/v2\/pages\/702\/revisions"}],"predecessor-version":[{"id":709,"href":"https:\/\/passionvehiculesvaldesaone.com\/index.php\/wp-json\/wp\/v2\/pages\/702\/revisions\/709"}],"wp:attachment":[{"href":"https:\/\/passionvehiculesvaldesaone.com\/index.php\/wp-json\/wp\/v2\/media?parent=702"}],"curies":[{"name":"wp","href":"https:\/\/api.w.org\/{rel}","templated":true}]}}