{"id":32,"date":"2021-12-03T13:19:02","date_gmt":"2021-12-03T12:19:02","guid":{"rendered":"http:\/\/passionvehiculesvaldesaone.com\/?page_id=32"},"modified":"2024-02-04T18:06:49","modified_gmt":"2024-02-04T17:06:49","slug":"nos-partenaires","status":"publish","type":"page","link":"https:\/\/passionvehiculesvaldesaone.com\/index.php\/nos-partenaires\/","title":{"rendered":"Nos partenaires"},"content":{"rendered":"\n<p>Merci de leur soutient tout au long de l&rsquo;ann\u00e9e <\/p>\n\n\n\n<div class=\"wp-block-group\"><div class=\"wp-block-group__inner-container is-layout-flow wp-block-group-is-layout-flow\">\n<figure class=\"wp-block-table is-style-regular\"><table><tbody><tr><td class=\"has-text-align-center\" data-align=\"center\"><img decoding=\"async\" src=\"https:\/\/passionvehiculesvaldesaone.com\/wp-content\/uploads\/2022\/02\/carte-visite-1.jpg\" alt=\"L\u2019attribut alt de cette image est vide, son nom de fichier est carte-visite-1.jpg.\" style=\"width: 150px;\"><\/td><td class=\"has-text-align-center\" data-align=\"center\"><img decoding=\"async\" src=\"data:image\/jpeg;base64,\/9j\/4AAQSkZJRgABAQAAAQABAAD\/2wCEAAoHCBUWEhgSFRUYGBgYGBIVGBgSGRkYEhgSGBkZGRgYGBgeIS4lHB8rIRgYJjgmKy8xNTU1GiQ7QDszPy40NTEBDAwMEA8QGhISGjQhISE4PzQ0NTQ2ND80NDE9NDQ\/ND00NDE\/MT40NjQ0NDQxNDQxNDQ0NDQxNDQxNDQ0NDQxNP\/AABEIAOEA4QMBIgACEQEDEQH\/xAAcAAEAAQUBAQAAAAAAAAAAAAAAAgEDBQYHBAj\/xABHEAACAQICBQcLAwIDBQkAAAABAgADEQQSBSExQVEGByJTYZHRExYyUlRxgZKToeEUwfAzsRVighcjQrLxNENyc3Sis8LS\/8QAGAEBAQEBAQAAAAAAAAAAAAAAAAECAwT\/xAAnEQEAAwABAgQGAwAAAAAAAAAAAQIRAyExBBITQRRRYXGRsSIygf\/aAAwDAQACEQMRAD8A7NERAREQEREBERAREQEREBERAREQEREBERAREQEREBERAREQEREBERAREQEREBERAREQEREBERAREQEREBERAREQEREBERAREQERECkT50HOjpTr0+lT8JcHOdpTr0+lT8IXH0PE+fRzmaT69PpU\/CTHOVpLrk+knhBjv8Tga85GkuuT6dPwlRzjaS65fp0\/CDHe4nBxzjaR65Ppp4SY5xNI9cv06fhBjusThg5wtIdcv06fhJDnB0h1y\/Tp+EGO4xOIjnAx\/XL9On4SQ5f4\/rl+nT8NsGO2ROKjl7j+tX6aeEkOXmO61fpp4bIMdoicX8\/Mf1q\/Tp+EieXuP61fpp4QY7VE4oeX2P65fpp4SJ5wMf1y\/Tp+EGO2xOHnnA0h1y\/Tp+EgecLSHXL9On4QY7pE4UecTSHXL9On4SB5xdI9cv06fhJpju8Tgrc4+keuX6dPwkTzkaS65Pp0\/CUx3yJwA85WkuvT6SeEgeczSfXp9Kn4QY+g4nzwec7SnXp9Kn4S23OhpTr0+lT8IR9FxPnL\/alpTr0+lT8IgaYhl1ZBabeq3cZdVG4HuMjWrqyayCoeB7jLiqeBgTWTWQCnhJgQauAy4plsSamBMGTVhIKpMuhBCaqHHGTDjjIZBGQQauhxxEkHHESx5MRkEGr+ccRKZhxEseTEeTEGrxaQMh5MR5MQakVMgUPCS8mJIKANW3+0GrJpNwkGotwnqSkNp\/JlwINp92rf2Dsg1j\/07+qZBsK\/qmZXJr7fsolMg2Aavux8INYg4R\/UP2kTgqnqH7TN5AO0n+auyQKX7Sf5q7O2DWCbA1PUP28ZbbR1X1D9vGbHkHw3n9hGQbbe4cO0wa1n\/Da3Vt9vGJsv+pe4xKa8+QRlkokRHIIyCSiBHIIyyUQI5BAQSUQKASsRAREQEREBERAREQEINey8SV9w3\/y0C8Bv+Grf2Dskt\/b9gJREtq3\/ANpRmAHZ92MCvYNmv3sfCV2dpP8ALDslulU17Ne639pV23n\/AK9g7IB33\/w9g7JVDqvs4nj2CW1S\/SOz+ahL3w9w4QH8A4Sii+s7N54\/iFF9Z2bzx\/EO1\/28T4QJZx290SGv\/NEo88REgREQEREBERAREQEREBERASeGpF6iU1IzO6IMxsoZiFFzuFzJYbC1KjFKaO7BS5WmpZsgsC1hrtrHfOp8m+T+GxmCw7VsMaT0jl6Iam7lG1kn0mVjcm++9jvgaW3JComkKWBqnVV6QqUx0SgUsxW+8FSNfZxnk0zyfeljzgqQZyWRaZa12DorXJGoAXNzuAnZNLcpcJh2y1qyq3qgF3APFVBIkNFcqMFiXyUqys+uysGRzxyhgCfhKOJaZ0XUw1ZqFXLnXKegcylWFwQdvfPEDOxae5MYJHxGkcTncFczIT0QQoTohbEnYBc2H3nHcwNyNlza5ubbgTvPbIK5j3yhMRAuggD+a+z3SKC5uT\/OAkJKlt2Xgej+AcO2UXXr3bzx\/Esu\/D4nj+JVRbbtO79zAuu3dwP9z4SLG2vfuB\/uYLW179oH7ntlgmBPyh4ystxKEREgXgTYuRmDRqr1qgBSihbpC65mB1kbDZQ3eJ7GxWiq2tkaix9VWX\/kuv2nkv4vy3msVmc7zDrHFtd3NajE2LEYDRo1riqvYAmb\/wCgmPqNg1PQWvU\/8xkpoflBadK+Ii3as\/hmaZ7wxvZv4DbeZvAcmMQ4zvlop61bom3ELt77TzJph0\/oolH\/ADIuap873PdaeR6hqG9SoxO41Mzr8TrI7ov6to6dP2V8sd+rZU0No+n\/AFcXnO8IwC39yAn7y+r6IXVa\/vFYzVho6oRdFzjjSIf7LrHxE8rjKbMCDwbUe4zzfC+b+3LP6dPUztWG7A6IbVZR2\/71fvItoPR1T+niAh4CopHyvr+80q4lLiT4Oa9a8sx\/p6sT3rDZ8XyLrKM1J0qjgOi9uy5IPfNexOHdGyOjI3BwQfhxHbPVgNHYljejTqj\/ADJmQfNqE2WlozHsmXEVKWT1cVlf7gXB7c0sc1+KcteLfs8sW7RMPFyJo44VDXwSBwCKbl8opkamKsSQdhB6OvZOqcr9KNhsFVrr6SqqrwDuyoptvsWv8JzSjo2lSDIdJmmrMWKYdyi5rW9didWq5kWwWjT6eLqud5Z2Nzx9CdJ8bT2rM\/aJT0Z+cflqbuWYuxLMxLMzG7Mx2kmUUkEEEggggqbMCNhBGwzbhofRjalxJU9rqP8AmWQr8iywzYfEJUHBrD\/3KSP7RXx3FuW2PvEpPDb26ul8jtJnF4CnUqAMxDJUuBYspKkkbNYANu2cx5d6UetWVGwpw60jURcysrOCQCb2CkdG4t265sXIzlAmCpjBYtGoNndhUbpUnLkn0h6NhbXrGraJgOWun8ZVthsRTSmquKqZATnFmVGV8xDLZjrE9db1tG1nYc5iY6S1SIiVCAYiBJbAX2ncP3Mns1nWTs8ZaiAJiIgIiJQiIkGf0JXy4HGqNuWl8rkp+5mAA2AC5OoAaySdgAnpwWKyCou1alNkI7bhkb4FR3mejk\/ha9TEouGIFYZnUtlsCouT0gRfhqnLj4\/La0\/OdbtbYj6MwnN\/jyAfJoLgGzVFDC+4jcZGryB0gov5FW7EqIW+AJE2P9Byh69fmo\/\/AImS5PYPTK4hGxNZGojNnUmmSRY2y5UBBvbXedmHJ69BkdkdGR1NmVxZge0S3Ogc4FOnidJUqCVKaMqZazuyqlMZiwDEkXYC\/R29IbLzF6W5LYWhRer\/AIilQqOilNUZ2bcoAqG2vadwvA1WhSdnVEUs7EKgT0yx1ACbNpTR+ksHTV6zEoSFuWWsqk7FYMDa\/d9psfNzyfFKkdJYiy9FjTz6glKxzVDfYSNnZ75mtBcpMPpMYjCulh0gqt6T4c2AccGB2jddZi1Kz3jVi0w5phdMVnqJTFPDu7uqJnooOmxAW5AFtZEyumsRj8HkFRMPTNTOVNJEJ6GXNs2ekO+eD\/B3wmlKNB9dsRh2R9z0zVXK3v3EbiDNn54vTwvuxP8AelMT4fjn2WLzHu04aYxld0pCu5Z3RFCkUwWdgqi6gWFyI07ydxWHemuIXM9UuECv5R2ZStx7+kvfLPJ7\/tuF\/wDU4X\/5Um\/c6mMqUauDq0myuoxeVrKxF\/IgkBgRex2zVeKle1Ygm0z3lrS83mP6tPqLK\/7PMf1dP6izYObjlDisRi3p16zOoou4UqgAYOgBuqg7GPfMVyt5U42lj8RSp4hkRWQKoVCFBpoSASt9pJ+M6Mte83cS2IfCrT8pUS2cUyGRCddmf0QewmZmhzf6RU50VEbitXK3evjNv0JUOF0GcTTF6hp1K7M3SLVXY9N\/Wy3HwWc+blljycxxT\/6RTC9wW0k1iekms1jf12HplMfhvL0NhcFWK9uddh7SB75q2kymZRSqO9ML0FqXzUwWJKWOrUddxqN51Dm605WxlKvTxBFTIUXMVAzLUDZkYAWNsvDY05Vj6IStUpr6KVKqL\/4UdlH2AnKvBWltr0329mpvMxkruitGVcTVFGimZyC2sgKFG0sTsG74iZ\/\/AGe4\/q0+oswejNM4jDZv09Q0y9sxCoSbbNbKeJm4cjsdpPG1teKdaKEeUYJS1nbkXoekfsPhOzLBY\/kRjqVNqr01KICzZKiswUaybb7TwaG5PYnE3NCkWUGxdiEQHhmbafdebtzmcrbK2BoNckEV3G4W\/pKeJ\/4juBtvNsvynxr4HRVP9N0D\/uKQawOQMpJaxFiSRa53tA0l+bzHgXyI3YtRb\/ewmt4vCvSqGnVRkddquLHXsPaO0TO4DlpjlqoxxDOC6ZkdUKsCbEWC3G3dabZzv4VfJ0K1hmDtTvvKMpb7FPvA5hERIEREoRJIl9Z2SR1m+wCQW5neRWlKeHxqV6pIQJUUlQWN2Ww1CYNjr1SkDc+VnLSo+JDYPEVEpZEFgMgz3bMbEX2ZZ6uSPL5kLU8a7ujXZXIzsp2FCANan7a+OrQolGX5SLhDWNTBsxRyWZHRlyOTryk7VN723e6efQaYc4hDiWK0lOZgqli9rWSw2A7zwvPBEg6Pp7lfhcQ9PD5nTCiz1iqMGqZCMtAKNYXYSfcBL+B07oSjUWrSQo63sy06lxcWPwtOYxKOi8sOUmBxVJWp1HXEUWFSi5puOmpByE22Gw9xAMvLy1wGKpLTx1Ehhr9EumbYWRl6S3\/l5zSIHTsPpfQeHcVaSXqLrXLTqlgbbVz6ge3tmncr+UbY2utTLkRFKopN2AJBZmPE2GrsEwUQNm5Baao4TFPVrsVVqLICqljmLo2wdimYzlRj0r42tXpklHZGUkFTYU0XYdmsGR0PUQeUzMiuVUUnrLnpq2YZ7ixsSuwkHfxmVwuKwq5wxRga1RhemoVkNLUDqui59Qy69m6ee\/LNZmMmcbrXY3Xt5H8tlw1L9LiEL0btlK2ZlViS6Mp9Jbkn421zLfrOT7dI01Un\/h8nWW3wXV3TTkOGGD8nnHlsvls5Q\/1ARann4ZRa1rZjeWNM4qm6oKSKl18pUyj\/AL59TIOCrl1DZ0jLXlmZzJJrER3bviuXeEw9E0dH0bE3sxTJTVjqzEHpMffOcMGPTNyCx6R2F9p17zruffNjbH4bylFcilVfDs7lECKipZ11DM92Nzm9XVPO+IonBogZM4DF1sA7HypO3ITfJaxzCY9e3T+M9V8kfNh8KiNUVaj5EJGdwpZlXfZRtM6BpDlrhaGDGG0dcNYqGKlcoPpPc+k548TfdaYD9TQ\/VIxagaOaqVVaZVkQ03CCoSus5su3Nr1xgq+HFeoXellZaYVioYqBctkHkghPEZRcEa5fiJ+Unk+rWW33N76yTrJJ2knfOh6C5c4dsKMJj6ZZVRUz5c6Oi2C512hhYaxe9r6pqGhKlFKjVKpBVB0FKZs7MbXKbLBbnbtIntwZwqtYumSniTVBdWLPhygyoNRuQdRB981PNk5kpFdjdbZS0roGkwqIgLqQy2p1WIYbCA\/RB7ZqnLLlQcbUXKpWlTzZFb0yzWu7W1X1AADZPJh8dT8lTR1QgVumAihzhhkIGYC+0NvvK6arUyihWpu+dyGoJkUUCBkRtQu1+6K8tvNETHcmsZusREROzBERKLz6+wDd\/N8tsb6h8BL9rbvcJRF7t549g7JBApYG3xP7CWp6KjC2v4D9zLSJv\/h\/ECESr2vq\/HwlICIiAiIgIiICIiAiIgIiICIiAiIgIiICIiAiIgIiJR6dusnVvP7CHa2s\/AfuZ4BpOl6\/uGVrf2kf1iE3L3\/0t4SD1qCTc\/8AX8S8EuP34\/ieIY1PX9\/Rbu2bJNsah1ZtXubwhcXUTj8Bx\/Eu9m\/edwHATyjFr6+vjY7OyV\/UrszfY6z2wYuM1+iuz+a5BgN0ttWB2MNe3UfCRzD1h3GDF2Jbv\/mH3lbHiPvBicSOU8R95XIeI+8JisSmRuIlfJt2QuESnk27I8m3ZCKxI5WkbNAuSLNaQJMgRxhcVNWRNaUaQMGLhxEicV2Sy0gwhceg4scDInHDgZ5TLbQY9h0gOB+0idKLwP2nhaWGhMZT\/Fl4N9vGJholOi4gl5BPpTzD0Z7FR+X8yvmJo32Kj8sD5wWXFn0Z5i6N9io\/LK+Y+jfY6PyyGvnYSSz6H8x9Hex0vl\/Mr5k6O9kpfL+YNfPYlxZ9A+ZWj\/ZKXy\/mPMvR\/slLuPjBrgKy4J3zzMwHstPuPjHmbgPZafcfGDXBlEks7v5nYD2Wn3HxlfNDA+zU+4+MGuFgSQE7l5oYH2an3HxlfNHA+zU+4+MGuGWkSJ3XzRwPs1PuPjHmhgfZqfcfGDXB2kGnevNDA+zU+4+Mp5nYD2Wn3Hxg1wMyBE7\/AOZuA9lp9x8Y8zMB7LT7j4wa+fTLbT6E8zNH+y0u4+MeZWj\/AGSl3Hxg188GQafRXmTo\/wBkpfL+ZTzI0d7JS+X8wa+cmEtsJ9IeY+jvY6Xy\/mUPIbRvsdH5YNfNbSy0+mfMPRvsVH5ZTzD0Z7FR+X8yj5jifTnmHoz2Kj8v5lYRssREBERAREQEREBERAREQEREBERAREQEREBERAREQEREBERAREQEREBERAREQEREBERAREQEREBERAREQEREBERAREQEREBERAREQEREBERAREQEREBERAREQEREBERAREQEREBERAREQEREBERAREQP\/9k=\" alt=\"R-Auto 70 - Accueil | Facebook\" style=\"width: 250px;\"><\/td><\/tr><tr><td class=\"has-text-align-center\" data-align=\"center\"><a href=\"http:\/\/www.pcrepar70.com\" target=\"_blank\" rel=\"noreferrer noopener\">www.pcrepar70.com<\/a><\/td><td class=\"has-text-align-center\" data-align=\"center\"><a href=\"https:\/\/fr-fr.facebook.com\/rauto70\/\">R-AUTO 70 \u00e0 Gray<\/a><\/td><\/tr><tr><td class=\"has-text-align-center\" data-align=\"center\"><img decoding=\"async\" src=\"https:\/\/agence.axa.fr\/img\/axa_logo_solid_rgb.svg\" alt=\"&quot;&quot;\" style=\"width: 250px;\"><\/td><td class=\"has-text-align-center\" data-align=\"center\"><img decoding=\"async\" src=\"data:image\/jpeg;base64,\/9j\/4AAQSkZJRgABAQAAAQABAAD\/2wCEAAkGBxITEhUQEhIVFhIXFRcVGBAVFRUVFhUVFRcYGBUXFxcZHSggGholHRUWITEhJiorLi4vFx8zODMtNyotLisBCgoKDg0OGxAQGzElICYtLS8tMC0tLS8tLS0tLy0tLS0tLS0tLS0tLS0tLS0tLS0tLS0tLS0tLS0tLS0tLS0tLf\/AABEIAOEA4QMBIgACEQEDEQH\/xAAcAAEAAgIDAQAAAAAAAAAAAAAABgcEBQECAwj\/xABKEAABAwICBQkEBQoEBQUAAAABAAIDBBESIQUGMUFRBxMiUmFxgZGhMkKxwXKSosLRIzNDYmOCstLh8BQ0g6NTc5Oz8RYXJCU1\/8QAGwEBAAIDAQEAAAAAAAAAAAAAAAQFAgMGAQf\/xAA5EQABAwIDAwsBBwQDAAAAAAABAAIRAwQSITEFQXEGEyJRYYGRobHB0fAUIzIzQmLhFYKSsiSi8f\/aAAwDAQACEQMRAD8AvFERERERERERERERERERERERERERERERERERERERERERERERERERERERERERERERERERERERERERERERERFwSsKs0iyPIm7uqPnwWurVZSbjeQB1letaXGAJWaViVWkY48nOz6ozK0FXpaR+V8LeA2+JWAubu+UbRlQbPacvLXxhT6didXlSum0pE\/IOseByP4LOCg6y6TSUkew3b1do8OCxtOUc5V2949x8HuXtWxjNh8flS5FraLSjH5E4XcDv7itjddLRr06zcdMyOz6y71AcxzTDhC5REW1YoiIiIiIiIiIiIiIiIiIiIiIiIiIiIiIiIi0ekdZ6eK4Ducd1WZjxdsUartcJ35MDYx2dJ3mcvREU+kkDRdxAHEmw81pq7WmkiBL5QQOrd3qMvVVppfSxHSle57zsaXEk+ewKLVdS+U3ce5o2Du\/FS7azdWz0H1ood1eMo5anq+VYeleUxrrtgidbrOc1hPda9h69yjc2ukx9mKMfSxO+YUeDFxhUl+wrGo7FVZiP7iT5AgDuCq\/6vdAQ10cAPXVbiTWyqOxzR3MHzusd+stZ\/wAY+Ecf8q15C8ytrdj7PbpQZ\/iD6haztG6drUd4lbL\/ANTVg\/THxZH\/ACruzXCrHvg97G\/Ky07l5uR2x9nu1oM\/wb8LNl\/cjSo7xKkkWvVQPajid3Ymn4n4KQaJ5VAzKaB+H9VzXEd2LD5KtyF5uUcbCsWOx06eE\/tJHvHkpI2nckQ508QPifNfQmitcqKdocyW3Y8FtjwO4LewzMcMTXNcOLSCPML5fpqp8TsbHWPoewjeFM9BafEnsuMcw90OIv2tI2js3LTcWjqfSGY9OKnULptTI5FXkirqi1rqGWDiJG8HDP6w+d1I9Ha2QSWD7xu\/Wzb9YfOyiKUpEi6MeCLg3B3jYV3REREREREREREREREREREREWj1tr+apyAek\/oDuPtHyv5hbxV9rvWY5+bGyNtv3nZn0w+SIo8tfpTSQiGEZyHdub2n8FxpfSYiGFuch2Dqjifko225NySSTck7SVPs7PnOm\/T1\/hV17e80MLNfRehJcS5xJJ2kru1qMau4V4ABkFzj3EldSFwQuxXBK9Xi6OXkV6uXkV4s2ro5ebl6OXQotoXk5ebl6uC8nLFbWrzcvO5BuCQQbgjIg9i9XheTgsCFuaVLtAaeElopSBJudsD\/AMHfFb5VgVL9W9Oc5aGQ\/lB7Lj74H3viqm6tMPTZpvCtba4xdFytnUavxRuhJzYbj6DvwN\/MKUqstWKzmqlhPsuOA9ztnrhPgrNVepqIiIiIiIiIiIiIiIiIiIi6SvDQXHYAST2DMqmtPaWw4pXZve5xa3iSb+QurM1yrhDRyvcbDDhv9I2Pja6oGsrDM8vOzY1vVbuClWlvzrpOg1UW7uOaZlqULy5xc43cTclezF5RN3DyVram6hNa1s9W0OkOYgPss4Yx7zuzYO1XNWuyg2T3D6+gqKnQqXD4b3lQfRGr1VUZwwuLf+Ieiz6zrA+F1JoOTWoPtzRt7Bid8grTa2wsNnBc3VW\/aNY\/hgK0p7KogdOSfD0VYP5MJd1TGe9jh8ytVX8n1bGCWtZIP2b87dzwPRXJdAVi3aFcHUHuWbtmW5GQI71851VO+NxZI1zHja1wLSPArFK+gtOaEhqmFkzL9V4yew8Wu3fA71SOsehn0k7oH5+81\/XYdh9CCOIKsrW8bW6MQ760VXdWTqGcy1ahy6FezWFxAAuSQABtJOQCsPQGgGQAOcA6be\/aG9jOHftKh7Y2zR2bTDn5uOjRv7ewDrjgFusLCpdvIbkBqfrUqHUeq9VKL83hHGQ29Pa9Fns1DlPtTRjuDnfgp6uFwNfljtB5lmFg7AD5un0HBdRT2FasHSk8T7BQGTUGXdOwngQ4eua1OkNUauIX5vGBvjOL7OTvRWouV5R5YbQYZfhcO0AeYj0WT9i2xHRkd\/yqIcF1BIIINiMwRuIVvaw6tQ1QJtgm3SAZk7g8e8PVVXpOgkgkdFI2zm+RG4g7wV3Gydt2+0WkN6Lxq0+o6xwzG8aTR3dhUtjnmOv60Uw1d0xzzbONpW7d2IbnD59qu3RdTzsMcnWaCe+2frdfLlJVOie2Rhs5p8+IPYV9AcmulGz0l2n2XkW3tv0iD4lyXdvzZxN0PkVvtq2NsHVS5ERQ1JRERERERERERERcFcrB0pVc2wke0ch+PgtdWq2kwvfoBJXrWlxgKuOWXSeJkNMD+kLzbeWNtY9gLx4jsVZRqT8pE154mdWPF9dx\/kUYjKtNhvdUsmVXaul3iTHgAAqXagAuHNG6B5BZLCrP1E14vhpap2eyOd2\/g2Q8eDt+\/PM1cwr1arStQbWbhd49Sr6Nd1F2Jv8A6r21r1mjomAuGOV18EQNr22knc0cVVukddK2Yk8+6NvUj\/JgeI6XqtZHHU1ThhbJM5rQwENc\/C1uxtxsA7Vt6PUOvkz5kRjjI9o9G3PootKhQoD7wjF2x5D+FKrXFxcO+7Bjs+QtYzWGrabiqmv2yyEeRNirB5Ptbpqh5pp7OcGF7ZQACQCAQ4DK\/SGYWBRclrzYzVLQN7WMJ+04j4KZavar09GDzQJe7J0rzdxHDcAOwBabuvbvYQ0Sd0CFItLe5Y8Fxgb5MreBV\/yv0QNPFOB0mSYL\/qvaT8WN81YKhXKz\/kf9Vn3lCtfzm8VPuwDRdPUq51Lpw+pufca53jk0fxX8FYSr7UacNqMJ9+NzR3gtd8GlWCuO5ZF\/9Rg6BjY8T7yrHYAb9ky1xGfL2Wq1k0qaaHnGgF5cGNvsuQTc9waVXlVp6qebuneOxriweTbKz9IUMczDFILtPgQRsIO4qI1uoh2xTNI4SAg\/Wbe\/kpfJq\/2Xb0y24AFSfxFsiN0HOI7Y65Wna1teVHh1InDGgMe4lRqDT9Uw3bUP7nOLx5PuFMdWdbhM4QzANlOTXjJrzwt7rvQ9mxRup1QrG7Iw\/wCi5p9CQVp6miliN3xuYQQQXAtzGyxXSXdlsvalMtplmLcWlsg7tIkdYOu7NVlGveWbpeHRvBmPE+ysrWfWNlK3CLOmcOjHuA6z+A7N\/qqrrap8r3SSOLnuNy4\/3kOxc1U7nuL3uLnONy47Se1eBW\/Y+xqWzqcDN5\/E72HUJ7zv3LG8v33T50buHz2rzKsPkX0pzVRNCT0Hsa+24FjsOL7Y8lXqkXJ9PhrWjrh7Psl33Vv2u5zbKq9mrW4h\/bn7eC8sY59oOhMeOS+kFytVoSrxMwn2m5d43H5Laqltq7a9JtVmh+o7jkrV7CxxaUREW9YoiIiIiIiLglRXTNVjkNvZbkO\/ef74Lf6TnwRlw27B3lRJcvyiu4a2g3fmeA0881YWNPMvPcqw19fesI6rWD7OL7y0jFs9c3f\/ADpu9g\/22LUsK73YzcNhQH7G+YBXKbQOK4qH9xWXGCSABcnIAZkk7AArW1R5PWNa2WsbiecxB7jPp29p3Zs79qjPJPooTVZlcLtgbjA\/XcbMPhZx7wFda8vrlwPNsMdfwtljaNcOceJ6vleMELWANa0NaNjWgADuAXqtLrPrBFRRc7IC4k4WRt2vdttnsFsyf6BVjpLlLrZLiPBC3dhbjeO9zsvshQqNtUq5tGXWp9a6p0snHPqCujJYTtKQCRsPPR8642EeNuI2Fz0b32Aqga7TlTN+dqJHjql7sP1Rl6LY8nv\/AOjTfSd\/23qU7Z5awuc7Qbh8\/CiDaIc8Na3Uxmr7UK5Wv8gf+az7ymgUK5W\/8h\/qs+8ott+c3ipl1+S7gVTUM7mOa9ps5pBDhuI2Kx9BayRTgNcQybfGTYOPFh39234qsyV5kqVtfY1DaVMCpk4aOGondGhHZ5qrsb+paOJbmDqD9ZFXWiqij1jqorBkzrD3TZ4+1e3gttBr7MPbhjf2tLmH5rhbjkdf0z92WvHYYPgcvM8V0tLbtu4dIFvn6fCsFcEAixFxw3KK0uvVO42kZJH22xt9M\/RSamqWSND43BzDsc03H\/lUN1s67tCDXplvUTp3EZeasqVzRrSKbgVH9NanQTAujAik4tHQJ\/WZs8RY96rPSFI+KR0UjbPabEfAjiDturxUB5T6UAwzDacTHdtrOb8XLqOS+2q5uG2lZ2JrvwzmQRnr1ECIO+IVVtWxp82azBBGvaNPHtUDW01Ukw1tOf2ob9a7fmtUVmaBdaqgP7eL+Nq7u8bit6g\/a7\/UqgoGKjT2j1V8aPqebeHbt\/jt\/vsUvCg6k2hKnFGAdrcvDd\/fYvm3Jy8zNB2\/Mcd\/z4rqr+lo8cD7LZoiLrVWoiIiIiIiLA0xBjiIG0Zjw\/pdRVTghRLStLzchG47O47vNcryjtfw3DeB9vceCsbGpqw8R7qmtdBaum7Sw\/7bFqmlbrlAbascesIz9kN+6tE0rvtkOxWFA\/sb\/qFyt82Lh47T6q1ORKQYqpu8thI7gZb\/ABCtdfPWoWnhSVbJXm0TgY5Dwa61neDg09119AxyAgEEEHMEbCOIUe+YW1Z649IU2xcDSw9SgfK5oySSnjmYC4QucXgZkNeB0u4Fov333FU\/dfT60FXqbQSOxOpY7nMlt2XPEhhF1nbXopNwOC13Vkar8bSqACtDky1Rljf\/AI2oZgIaRFG7J3SyL3D3crgDbmexTrRur1JAbw08bHdYNGL6xzWzNglxfGo3C0QlvYCm7E4zC5ChXK5\/kP8AVZ95TZQrlajvo5x6skbj4uw\/FwUa3\/NbxClXAmk7gqVhic9wYwFzibBoFyfBTSg1IHNO559pnDo4c2sO6\/WPHdw4rF1G0nTsJie0MmccpifbG5lz7J7Nh71O1RcpNu3tvX5ikDTAgzvfw3Yd0DM740WzZWzaFSnzj+kTu6v59NyqDS2ipqd2GVluDxm13c75bVriVeD2AixAIO4i4PgVrJNXaRxuaePwGH+Gy9teWrA2LikZ62kQe4kR4lK2wST90\/Lt+R8KoVZeoOjZYYHGQFvOODmxnaABa5G4nhwAW4o9DU8RxRwsa7rWu7zNys9Vu3OUwvqHMUmYWkgknUxpGsZ75ngpmz9lfZ38490ns0\/lcKC8qNQLQRb7vf4CzR8T5KaVtWyJjpZHBrGi5cfgOJ4BU7rDpc1M7piLA9FrT7rB7I78yT2krDklYvq3guI6LJz7SIA85Kz2vXayjze93pMz5LWOKzNBC9TAP20X8bVglbTVRmKspx+1afq9L5L6Pduw29Q9TXf6lc3QbNRo7R6q6lI9AU+FmI7XH0Gz5rQ0kBe8MG87eAG1TCNgAAGwZWXzPk5aS81zoMhx3+A9V1d\/Vywd69ERF2Cq0REREREREWt0xSY2XA6Tcx28QtkuCtVai2tTNN+hEfXDVZMcWuDhuXz7ynQ2qY39aK3i1zv5gok0qz+WzRmAQTgdHG9ncXtxW\/2z5qrWlWWw2uZYspu1bLfAn2hVm0YdXc4b4PkskOU01P5QJqQCGQc7TjY0mz4x+o7eP1T4EKL6E0RPVSc1Txl7rXOYAaOLnHIDNbTTmplbSx89LGDGMi9jw8NJNhi3jPK9rKxqmk7oPI4KHTFRnTYrd0fyiaOlAvPzburI1zbfvWLfVZkuuuj2i5q4j9Elx8mglUfX6tVMNRHSSMAmkw4W42kHG4tbmMhmCtnFyd6RditE3onCfyse2wPHtUM2tvl04nTMKYLqvpgkjip7pflVpGAiBj5nbiQY2eJcMX2VA5deamSrhqZnXZFIHiFmTANjrDe7CSLnjuWLPqXXNmZTGG8r2l4Ae0gNBsXOdezRc7110\/qfWUjBJNGObuAZGOD2tJ2YrZjvIst1KlbthoIJPbmtFWpcOzIgDsVmf+61D1Kj6jP51g6b5RNH1MElO4TgSMLb82zIn2Xe3uIB8FAKXVKrkYHiMAEXDS4NJHdu8bLpo7Vepmc5oAZgfgeXEXYbA+ztORBy23UHntmtl3PDo69MZfR6t+WRUj\/mGAWa9hzWjJW80RrbUQANxCRg9x1zYfqu2j1HYvPSurU8MrIsJeZCRHa3Tw2xG18hnv3LnSWq1VCznXxjANpDg7D2kDd2hbq9xs26ptZVcxwfm0EjPhv1yyzkEaiFopUrqi4uYHAjWPdSqk19gP5yORh4i0jfSx9FsI9b6I\/p7fSZIPuquKzQs0czKd7QJH4cLcQIONxa3MZDMFZUGqlS9z2Nbd0bg1wxtyJaHDfnk4KguNgbGgP53ACJHTERMSMQOU5a6q0pbRvpwlknh37j1Z8FPZNb6Efp79gZIfurU6Q5QYm3EMbnnrP6DfmT6KKVOrFWx7I3RWMhwtddpBdYm1wcjYHbwXqzUutIuI22uR+cZtaSDv4grClsXYdKH1KwcDpL2gH\/ABg+BWx97fvlrWRwaZ859Fgaa05PUuxSvuB7MYya3uHHtNytUSpNDqRWOfzZY1vslzi9pwtcSL2BufZOQWBrFq7LSEc5YtcSGvFhiwgX6NyRt3ro7W+sAW29B7dMmtiI7Iy7dZOqratC4INSoD2krTKRcn8OKuiPVDn\/AGC0ergo2SrB5GtG87Uyv91kbQT\/AMx1\/M82R5r3axd9iqtZqWkDi7o+69s459pOgM+Gfsrg0DR2bzh2u2d39VuV1aLZBdlS2tu23otpN0Hmd57yrOo8vcXFERFIWCIiIiIiIiIiIijmvujG1FFLG4XAs\/tGE7R2gXK+dK2ldDI6N+0b9xG4jsK+qZ4g5rmHY5pae4ixVIaz6D50FuyaMkA8bHNp7DbwPipVrX5swdD5KPcUcYkarF5MdDNndUTufMBBF+agcWySiRr7suM7WZawtckZiyl0XNjRNcIaGSkiDCQJS7HKbDE4h2YtZo2n0VTaM0pUUshfBI+KQXaSNva1wORz3FZ9TrbXSB7ZKqRzZG4XsJGFzbEWw2sNp2WUyrRe98zll17vLvURlVrWxGefmrM1toJZNM0M0cb3RWhPOtaSwBkr3Ou4ZDokHPivPQkl9Y6mxuObcMjvEcIPqCPBV1Ra318UQgjqpGxgWDbg4Rwa4jE0DdYiywdHaWngkM0MrmSkEGQG7jiN3XJve5Xgtn4SJ\/ThHjOac+3EDG+T4QrD1HxPptKxwE\/4s4sNjZ5b0wA08b4vFwXXU2kmh0dpH\/FMkZA6IhjJGuYTIWvBwtcAbkmMdptwVeUekpYpOeikcyW5ONpsc8zfiDwOSzNL6yVdUA2onfI0Zhhs1t+OFoAJ7Ss30HEkAiDB7clg2q0AZZieGamj5G1EkIq6KoZPZobNHiwtvne7T0c8yDe29e0FE2KKtjcJJ2841zmgkyuxsY7CS3PFnuUGg1mrGtwNqH4bWsbONu8gn1XhTacqY8WCZzcTsTje5c7iSdpXOu2FdEFrXtDcoaC8jJwdlIxM4AnMzkrEbQogyWknOTDZ0jOMj3jqU11bZEKoYKeWnJhe1vPYzifdp6Jdvwg7NwKjEdDXtbO7DK1tiZnElocB7RubYt+zcsCr05USYccziWnE03sWu4gjYV2r9P1MzOblmc5nVyANtl7AX8VOobOuqVQulhxBodixvjCSRGLN2RzBiCARKjvuKLmgDEImIhsyN8ZCI1E5ZKZ6xUcj9I0kjGOcz8icYBLQGSOc652DokFZdSYi3SXOl3Nc4wOLLF1hFEDa+V7hQKl1iqo2c0ydwYBYNyNhwBIuB3LDZpOVrHxCR2CQ3e3bjPE3zJyUIbBrlrGOeAKYa1sTJaKmMkkjI9USJzOS3\/b6eJzg09IkmYiS3D3jwVjxhsP+Ap4Q58EkhlE7iD7j3BuQFvav3A9qxNBn\/wC3qvoP\/ijUIg03UMa1jJnBrDia3IhpzzFxltPmV5xaXnbI6dsrhK4WdILXINr38h5L3+gVsFZpeCXtc2TMkl+LE7KNMiBvGQXv2+nLDGTSDGWUNiB36KWakYTR1mNj5W3F4oycbxhOTbZ37loNZYYxgMVJPTt6QcZucIeTYtwl3CzvNYNDpieAEQyuYHG5DbZkLrpHTVROA2aVzwDcB1sja18hwKn0rCvTvn1wRhcQYxOB\/Dh\/DGEnLInctDq9N1BtMgyB1DrnXULFgic9wY0XcTYDiSvoHkr0I2mpDbNz33c7rFoA8gbgdyrPVbQvNN56QflXDIdRp+8d\/lxV6aGpeagjj3hov9I5u9SVtu6+M4W6BZ0KWEYjqs5ERQ1JRERERERERERERERERV1rnR4KguA6MgxeOx3wv4qxVHddaDnIMYHSjOL905O+R\/dRFT2s+gudHPRD8qNreuB94eqhV1aqj2smr3O3liFpd7dgf+Dvip1tc4eg\/TcVEr0MXSaoaCubrzNwSCCCMiCLEEbiEurKVXlq9brm68wUxL2V5C73S664lxdJXkLuSuLrpdLpK9hckoSut1wSvFlC5JXUlCVwSi9QlS3VXQGyomHayM+j3D4DxTVrVvZNOO1sR9HPHy81LVXXNz+hneVOoUP1OWx1fo+dqI2HZfE76Lcz55DxVoqI6h0FmvnIzd0G\/RHtHxOX7qlygKWiIiIiIiIiIiIiIiIiIiIi6PaCCDmDkRxC7oiKLaQ1NidcxOMZ6p6TfxHn4KN1ur1TFmYy4dZnSHltHkrNREVC6e1fbPdw6Ew97c6254+e0KCVlK+JxZI0tcPUcQd47V9VVejopfzkbXdpAv57VHNNcn9HUNwkObwsb4TxBOY81Ko3JZkcx5rRVoB+Y1XzkCuQVY+meSKoiu6GoZIzdjY5hA4Ow4vO3ko3UaiVzdjGP+hI371ltdtaya7A+qGn93R9YB7pUf7HWiQ2R2ZqO3S62surFa3bSy\/utxfw3WM7QlUNtNP\/ANKT8FIbeW7tKjT\/AHN+VpNCoNWnwKwrri6zRoWqOymn\/wClL+C94tWq12ylm8Wlv8Vkdd27dajR\/cPleii8\/pPgtUSuC5SSDUeud+hDO18jfkSfRb3RPJLVTe3NFG3e5rXSfHDcqP8A1ayxYBVBPU04j\/1nzyW77HWiS0jjl6qAwxOe4MY0ucdjRmSpvoDVpsVpJbOl2hu1rPxd2+XFWdoDk2pKZtrve73nmzS7yzA7AVJ6PRUEX5uJoPG13fWOa117ovybot1KgG5nVV5Q6CqJc2xm3Wd0R67fBSPR2pjRnO8uPUZk3xO0+ilyKIpC8qeBrGhjAA0CwA3BeqIiIiIiIiIiIiIiIiIiIiIiIiIiIiIiIiIiLgrWVuh2Ozb0Xdmw94W0RaK9tSrswVGyPrTqWTHuYZaVD6uhfH7Qy620LFU5stbVaHjdmBhPZs8lzN5ycM4rd09h9j8+KsKV8P1jvHwoyvampnvNmAnt4eK3tLoRjc3XcfIeS2UbABYCw4LC05OvPSrmOwZnx0Hmsqt+BkzPitVRaFaM5OkeG7+q24bbILsi6i3taNu3DSbHqeJ1Krn1HPMuKIiKQsERERERERERERERERERERERERERERERERERERERERERERERERERERERERERERERERERERERERERERERERERERERERERERERERERERERERERERERERERERERERERERERERERERERERERERF\/\/9k=\" alt=\"As Autos\u00e9curit\u00e9 Contr\u00f4le Technique : Garagiste Et Centre Auto Arc L\u00e8s Gray  70100 (adresse, horaire et avis)\" style=\"width: 250px;\"><\/td><\/tr><tr><td class=\"has-text-align-center\" data-align=\"center\"><a href=\"https:\/\/agence.axa.fr\/bourgogne-franche-comte\/haute-saone\/gray\/jouhannet-philippe\" target=\"_blank\" rel=\"noreferrer noopener\">AXA &#8211; P JOUHANNET- Gray<\/a><\/td><td class=\"has-text-align-center\" data-align=\"center\"><a href=\"https:\/\/centre-controle-technique.autosecurite.com\/bourgogne-franche-comte\/haute-saone\/arc-les-gray\/espace-arc-en-ciel\">AS Contr\u00f4le Technique<br>ZA Giranaux<\/a><\/td><\/tr><tr><td class=\"has-text-align-center\" data-align=\"center\"><img loading=\"lazy\" decoding=\"async\" width=\"500\" height=\"171\" class=\"wp-image-692\" style=\"width: 500px;\" src=\"https:\/\/passionvehiculesvaldesaone.com\/wp-content\/uploads\/2023\/04\/SF-Materiaux-2.jpg\" alt=\"\" srcset=\"https:\/\/passionvehiculesvaldesaone.com\/wp-content\/uploads\/2023\/04\/SF-Materiaux-2.jpg 347w, https:\/\/passionvehiculesvaldesaone.com\/wp-content\/uploads\/2023\/04\/SF-Materiaux-2-300x103.jpg 300w\" sizes=\"(max-width: 500px) 100vw, 500px\" \/><\/td><td class=\"has-text-align-center\" data-align=\"center\"><img loading=\"lazy\" decoding=\"async\" width=\"600\" height=\"301\" class=\"wp-image-677\" style=\"width: 600px;\" src=\"https:\/\/passionvehiculesvaldesaone.com\/wp-content\/uploads\/2023\/03\/peint-so.jpg\" alt=\"\" srcset=\"https:\/\/passionvehiculesvaldesaone.com\/wp-content\/uploads\/2023\/03\/peint-so.jpg 960w, https:\/\/passionvehiculesvaldesaone.com\/wp-content\/uploads\/2023\/03\/peint-so-300x150.jpg 300w, https:\/\/passionvehiculesvaldesaone.com\/wp-content\/uploads\/2023\/03\/peint-so-768x385.jpg 768w\" sizes=\"(max-width: 600px) 100vw, 600px\" \/><\/td><\/tr><tr><td class=\"has-text-align-center\" data-align=\"center\"><span class=\"has-inline-color has-accent-color\"><a href=\"https:\/\/negoce.france-materiaux.fr\/68-france-materiaux-sf-materiaux\" target=\"_blank\" rel=\"noreferrer noopener\">SF MAT\u00c9RIAUX <br>AUXONNE<\/a><\/span><\/td><td class=\"has-text-align-center\" data-align=\"center\">PEINT&rsquo;SO<br>Julien SOPPELSA Apremont<\/td><\/tr><tr><td class=\"has-text-align-center\" data-align=\"center\"><img loading=\"lazy\" decoding=\"async\" width=\"150\" height=\"176\" class=\"wp-image-693\" style=\"width: 150px;\" src=\"https:\/\/passionvehiculesvaldesaone.com\/wp-content\/uploads\/2023\/04\/blason-arc.jpg\" alt=\"\" srcset=\"https:\/\/passionvehiculesvaldesaone.com\/wp-content\/uploads\/2023\/04\/blason-arc.jpg 655w, https:\/\/passionvehiculesvaldesaone.com\/wp-content\/uploads\/2023\/04\/blason-arc-256x300.jpg 256w\" sizes=\"(max-width: 150px) 100vw, 150px\" \/><\/td><td class=\"has-text-align-center\" data-align=\"center\"><img loading=\"lazy\" decoding=\"async\" width=\"200\" height=\"168\" class=\"wp-image-694\" style=\"width: 200px;\" src=\"https:\/\/passionvehiculesvaldesaone.com\/wp-content\/uploads\/2023\/04\/levriere-d-arc.jpg\" alt=\"\" srcset=\"https:\/\/passionvehiculesvaldesaone.com\/wp-content\/uploads\/2023\/04\/levriere-d-arc.jpg 339w, https:\/\/passionvehiculesvaldesaone.com\/wp-content\/uploads\/2023\/04\/levriere-d-arc-300x251.jpg 300w\" sizes=\"(max-width: 200px) 100vw, 200px\" \/><\/td><\/tr><tr><td class=\"has-text-align-center\" data-align=\"center\">Mairie d&rsquo;ARC les GRAY<br>et toute son \u00e9quipe.<\/td><td class=\"has-text-align-center\" data-align=\"center\">La Levriere d&rsquo;Arc les Gray<\/td><\/tr><tr><td class=\"has-text-align-center\" data-align=\"center\"><img loading=\"lazy\" decoding=\"async\" width=\"300\" height=\"151\" class=\"wp-image-691\" style=\"width: 300px;\" src=\"https:\/\/passionvehiculesvaldesaone.com\/wp-content\/uploads\/2023\/04\/ets-brisard.jpg\" alt=\"\"><\/td><td class=\"has-text-align-center\" data-align=\"center\"><img loading=\"lazy\" decoding=\"async\" width=\"200\" height=\"118\" class=\"wp-image-697\" style=\"width: 200px;\" src=\"https:\/\/passionvehiculesvaldesaone.com\/wp-content\/uploads\/2023\/04\/allianz-luc-domon.jpg\" alt=\"\"><\/td><\/tr><tr><td class=\"has-text-align-center\" data-align=\"center\"><a href=\"https:\/\/www.brisardsa.com\/\" target=\"_blank\" rel=\"noreferrer noopener\">Ets BRISARD Bernard et Fils<br>Route de Mantoche<br>GRAY<\/a><\/td><td class=\"has-text-align-center\" data-align=\"center\"><a rel=\"noreferrer noopener\" href=\"https:\/\/agence.allianz.fr\/dampierre-sur-salon-70180-H97026?utm_medium=organic&amp;utm_source=na_organic_primelis&amp;utm_campaign=2109_ongoing_na_organic_na_fiches-gmb-btn-site-web&amp;utm_term=google_na_na_na_na_2109\" target=\"_blank\">Assurance ALLIANZ<br>Luc DOMON <br>Dampierre\/Salon<\/a><\/td><\/tr><tr><td class=\"has-text-align-center\" data-align=\"center\"><img loading=\"lazy\" decoding=\"async\" width=\"300\" height=\"67\" class=\"wp-image-1553\" style=\"width: 300px;\" src=\"https:\/\/passionvehiculesvaldesaone.com\/wp-content\/uploads\/2024\/02\/boucherie-Tondu.jpg\" alt=\"\" srcset=\"https:\/\/passionvehiculesvaldesaone.com\/wp-content\/uploads\/2024\/02\/boucherie-Tondu.jpg 476w, https:\/\/passionvehiculesvaldesaone.com\/wp-content\/uploads\/2024\/02\/boucherie-Tondu-300x67.jpg 300w\" sizes=\"(max-width: 300px) 100vw, 300px\" \/><\/td><td class=\"has-text-align-center\" data-align=\"center\"><img loading=\"lazy\" decoding=\"async\" width=\"250\" height=\"251\" class=\"wp-image-1552\" style=\"width: 250px;\" src=\"https:\/\/passionvehiculesvaldesaone.com\/wp-content\/uploads\/2024\/02\/sg-menuiserie.jpg\" alt=\"\" srcset=\"https:\/\/passionvehiculesvaldesaone.com\/wp-content\/uploads\/2024\/02\/sg-menuiserie.jpg 224w, https:\/\/passionvehiculesvaldesaone.com\/wp-content\/uploads\/2024\/02\/sg-menuiserie-150x150.jpg 150w\" sizes=\"(max-width: 250px) 100vw, 250px\" \/><\/td><\/tr><tr><td class=\"has-text-align-center\" data-align=\"center\"><code><a href=\"https:\/\/boucherie-grayloise.fr\/\" target=\"_blank\" rel=\"noreferrer noopener\">18 Place Charles de Gaulle - 70100 GRAY<br>03 84 65 18 46<\/a><\/code><\/td><td class=\"has-text-align-center\" data-align=\"center\">SG Menuiserie<br>3 route de Noiron<br>70100 CHAMPVANS<br><a href=\"https:\/\/www.google.com\/search?q=sg+menuiserie+champvans&amp;source=lmns&amp;bih=596&amp;biw=1366&amp;client=firefox-b-e&amp;hl=fr&amp;sa=X&amp;ved=2ahUKEwjP6tjFk5KEAxXrV6QEHazADBsQ0pQJKAB6BAgBEAI#\">06 81 93 33 72<\/a><\/td><\/tr><\/tbody><\/table><\/figure>\n<\/div><\/div>\n\n\n\n<div class=\"wp-block-group\"><div class=\"wp-block-group__inner-container is-layout-flow wp-block-group-is-layout-flow\"><\/div><\/div>\n\n\n\n<p><\/p>\n","protected":false},"excerpt":{"rendered":"<p>Merci de leur soutient tout au long de l&rsquo;ann\u00e9e www.pcrepar70.com R-AUTO 70 \u00e0 Gray AXA &#8211; P JOUHANNET- Gray AS Contr\u00f4le TechniqueZA Giranaux SF MAT\u00c9RIAUX AUXONNE PEINT&rsquo;SOJulien SOPPELSA Apremont Mairie [&hellip;]<\/p>\n","protected":false},"author":1,"featured_media":0,"parent":0,"menu_order":0,"comment_status":"closed","ping_status":"closed","template":"","meta":{"footnotes":""},"_links":{"self":[{"href":"https:\/\/passionvehiculesvaldesaone.com\/index.php\/wp-json\/wp\/v2\/pages\/32"}],"collection":[{"href":"https:\/\/passionvehiculesvaldesaone.com\/index.php\/wp-json\/wp\/v2\/pages"}],"about":[{"href":"https:\/\/passionvehiculesvaldesaone.com\/index.php\/wp-json\/wp\/v2\/types\/page"}],"author":[{"embeddable":true,"href":"https:\/\/passionvehiculesvaldesaone.com\/index.php\/wp-json\/wp\/v2\/users\/1"}],"replies":[{"embeddable":true,"href":"https:\/\/passionvehiculesvaldesaone.com\/index.php\/wp-json\/wp\/v2\/comments?post=32"}],"version-history":[{"count":16,"href":"https:\/\/passionvehiculesvaldesaone.com\/index.php\/wp-json\/wp\/v2\/pages\/32\/revisions"}],"predecessor-version":[{"id":1554,"href":"https:\/\/passionvehiculesvaldesaone.com\/index.php\/wp-json\/wp\/v2\/pages\/32\/revisions\/1554"}],"wp:attachment":[{"href":"https:\/\/passionvehiculesvaldesaone.com\/index.php\/wp-json\/wp\/v2\/media?parent=32"}],"curies":[{"name":"wp","href":"https:\/\/api.w.org\/{rel}","templated":true}]}}