{"id":20,"date":"2021-12-03T13:12:57","date_gmt":"2021-12-03T12:12:57","guid":{"rendered":"http:\/\/passionvehiculesvaldesaone.com\/?page_id=20"},"modified":"2025-12-24T17:34:10","modified_gmt":"2025-12-24T16:34:10","slug":"lagenda","status":"publish","type":"page","link":"https:\/\/passionvehiculesvaldesaone.com\/index.php\/lagenda\/","title":{"rendered":"L&rsquo;agenda"},"content":{"rendered":"\n<p class=\"has-accent-color has-text-color has-link-color has-large-font-size wp-elements-b84b286999261d14771fd3347521155a\"><strong>dimanche 24 MAI 2026<\/strong> aura lieu notre <strong>5 eme exposition de Printemps<\/strong> et la 2 \u00e8me <strong>bourse de pi\u00e8ces<\/strong> \u00e0 la Halle Perrey \u00e0 Arc les Gray sur toute la journ\u00e9e.<\/p>\n\n\n\n<p class=\"has-text-color has-link-color wp-elements-bc59d09cc406589815802dc584864f0c\" style=\"color:#ffffff\"><strong>AG ANNUELLE le Vendredi 6 F\u00e9vrier 2026<\/strong>, une convocation vous sera envoy\u00e9e.<\/p>\n\n\n\n<p>Les autres dates arrivent&#8230;..merci de votre patience. Au plaisir.<\/p>\n\n\n\n<p><\/p>\n\n\n\n<p><\/p>\n\n\n\n<h2 class=\"wp-block-heading has-text-align-center\">les \u00e9v\u00e8nements sur l&rsquo;ann\u00e9e 2026!!<\/h2>\n\n\n\n<p>Toutes les dates ne sont pas encore fix\u00e9es, patience mais nous devrions vous proposer encore de belles choses&#8230;&#8230;..<\/p>\n\n\n\n<p class=\"has-text-align-center has-large-font-size\"><strong><span class=\"has-inline-color has-accent-color\">Des sorties organis\u00e9es par un club ami de Dijon<\/span><\/strong> le SRT<\/p>\n\n\n\n<p><strong>Ronde de bourgogne <\/strong>organis\u00e9e par le SRT place limit\u00e9e contactez Jean yves<\/p>\n\n\n\n<p>sur circuit Pouilly en Auxois (organis\u00e9e par le SRT Dijon pour s\u00a0\u00bbinscrire voir Jean yves)<\/p>\n\n\n\n<p><\/p>\n\n\n\n<p class=\"has-text-align-center has-large-font-size\"><span style=\"color:#ec460e\" class=\"has-inline-color\">L<strong>es Sorties organis\u00e9es par Passion V\u00e9hicules Val de Sa\u00f4ne<\/strong><\/span><\/p>\n\n\n\n<ul>\n<li>Samedi <strong>XXXXXX <\/strong> vente Gaufre et faire d\u00e9couvrir notre club parking Intermarch\u00e9 Gray<\/li>\n\n\n\n<li><mark style=\"background-color:rgba(0, 0, 0, 0)\" class=\"has-inline-color has-accent-color\">Expo sur Parking NETTO \u00e0 ARC les GRAY le 2 \u00e8me Dimanche de chaque mois de FEVRIER \u00e0 OCTOBRE <\/mark>de 9h30 \u00e0 12h30 parfois suivie d&rsquo;une balade pique nique propos\u00e9e \u00e0 tous<\/li>\n\n\n\n<li>Dimanche <strong>24 MAI<\/strong> :5 \u00e8me exposition de Printemps et 2 \u00e8me bourse de pi\u00e8ces \u00e0 la Halle PERREY 8H00 &#8211; 18H00<\/li>\n<\/ul>\n\n\n\n<ul>\n<li>Samedi<strong> 18 AVRIL<\/strong>\u00a0: Contr\u00f4le Technique volontaire voiture en CG collection organis\u00e9e par le CT d&rsquo;Ancier et la FFVE<\/li>\n<\/ul>\n\n\n\n<ul>\n<li>Dimanche <strong>16 AOUT<\/strong> Participation \u00e0 la course cycliste \u00e0 Auvet avec ouverture de la o=course le matin et l\u2019apr\u00e8s midi en partenariat avec L&rsquo; entente cycliste Gray Arc<\/li>\n\n\n\n<li>dimanche <strong>20 septembre balade et exposition<\/strong> lors de la journ\u00e9e du patrimoine Champagne sur Vingeanne<\/li>\n\n\n\n<li>Dimanche <strong>XXXXXXX <\/strong>participation  avec un stand \u00e0 la foire automnale de Arc les Gray.<\/li>\n\n\n\n<li>Sortie le samedi <strong>7 novembre<\/strong> au salon EPOQU&rsquo;AUTO LYON<\/li>\n<\/ul>\n\n\n\n<p><\/p>\n\n\n\n<p><\/p>\n\n\n\n<div class=\"wp-block-group\"><div class=\"wp-block-group__inner-container is-layout-flow wp-block-group-is-layout-flow\">\n<div class=\"wp-block-cb-carousel alignfull\" data-slick=\"{&quot;slidesToShow&quot;:3,&quot;slidesToScroll&quot;:1,&quot;speed&quot;:300,&quot;arrows&quot;:true,&quot;dots&quot;:true,&quot;autoplay&quot;:false,&quot;autoplaySpeed&quot;:3000,&quot;infinite&quot;:false,&quot;responsive&quot;:[{&quot;breakpoint&quot;:769,&quot;settings&quot;:{&quot;slidesToShow&quot;:1,&quot;slidesToScroll&quot;:1}}]}\">\n<div class=\"wp-block-cb-slide\">\n<figure class=\"wp-block-image size-full is-resized is-style-default\"><img loading=\"lazy\" decoding=\"async\" width=\"826\" height=\"346\" src=\"https:\/\/passionvehiculesvaldesaone.com\/wp-content\/uploads\/2024\/01\/visuel-carte-visite.png\" alt=\"\" class=\"wp-image-1469\" style=\"width:413px;height:173px\" srcset=\"https:\/\/passionvehiculesvaldesaone.com\/wp-content\/uploads\/2024\/01\/visuel-carte-visite.png 826w, https:\/\/passionvehiculesvaldesaone.com\/wp-content\/uploads\/2024\/01\/visuel-carte-visite-300x126.png 300w, https:\/\/passionvehiculesvaldesaone.com\/wp-content\/uploads\/2024\/01\/visuel-carte-visite-768x322.png 768w\" sizes=\"(max-width: 826px) 100vw, 826px\" \/><\/figure>\n<\/div>\n\n\n\n<div class=\"wp-block-cb-slide\"><\/div>\n\n\n\n<div class=\"wp-block-cb-slide\">\n<figure class=\"wp-block-image size-full\"><img loading=\"lazy\" decoding=\"async\" width=\"468\" height=\"418\" src=\"https:\/\/passionvehiculesvaldesaone.com\/wp-content\/uploads\/2022\/03\/logo-6.jpg\" alt=\"\" class=\"wp-image-295\" srcset=\"https:\/\/passionvehiculesvaldesaone.com\/wp-content\/uploads\/2022\/03\/logo-6.jpg 468w, https:\/\/passionvehiculesvaldesaone.com\/wp-content\/uploads\/2022\/03\/logo-6-300x268.jpg 300w\" sizes=\"(max-width: 468px) 100vw, 468px\" \/><\/figure>\n<\/div>\n\n\n\n<div class=\"wp-block-cb-slide\">\n<figure class=\"wp-block-image size-full is-resized\"><img loading=\"lazy\" decoding=\"async\" width=\"320\" height=\"213\" src=\"https:\/\/passionvehiculesvaldesaone.com\/wp-content\/uploads\/2022\/06\/plaque-expo-2022.jpg\" alt=\"\" class=\"wp-image-525\" style=\"width:187px;height:124px\" srcset=\"https:\/\/passionvehiculesvaldesaone.com\/wp-content\/uploads\/2022\/06\/plaque-expo-2022.jpg 320w, https:\/\/passionvehiculesvaldesaone.com\/wp-content\/uploads\/2022\/06\/plaque-expo-2022-300x200.jpg 300w\" sizes=\"(max-width: 320px) 100vw, 320px\" \/><figcaption class=\"wp-element-caption\">1 \u00e8re expo de printemps<\/figcaption><\/figure>\n<\/div>\n\n\n\n<div class=\"wp-block-cb-slide\">\n<figure class=\"wp-block-image size-large\"><img loading=\"lazy\" decoding=\"async\" width=\"1024\" height=\"683\" src=\"https:\/\/passionvehiculesvaldesaone.com\/wp-content\/uploads\/2022\/06\/EXT-MERCEDES-1024x683.jpg\" alt=\"\" class=\"wp-image-526\" srcset=\"https:\/\/passionvehiculesvaldesaone.com\/wp-content\/uploads\/2022\/06\/EXT-MERCEDES-1024x683.jpg 1024w, https:\/\/passionvehiculesvaldesaone.com\/wp-content\/uploads\/2022\/06\/EXT-MERCEDES-300x200.jpg 300w, https:\/\/passionvehiculesvaldesaone.com\/wp-content\/uploads\/2022\/06\/EXT-MERCEDES-768x512.jpg 768w, https:\/\/passionvehiculesvaldesaone.com\/wp-content\/uploads\/2022\/06\/EXT-MERCEDES.jpg 1200w\" sizes=\"(max-width: 1024px) 100vw, 1024px\" \/><\/figure>\n<\/div>\n\n\n\n<div class=\"wp-block-cb-slide\">\n<figure class=\"wp-block-image size-large\"><img loading=\"lazy\" decoding=\"async\" width=\"1024\" height=\"683\" src=\"https:\/\/passionvehiculesvaldesaone.com\/wp-content\/uploads\/2022\/06\/EXT-PARKING-1024x683.jpg\" alt=\"\" class=\"wp-image-527\" srcset=\"https:\/\/passionvehiculesvaldesaone.com\/wp-content\/uploads\/2022\/06\/EXT-PARKING-1024x683.jpg 1024w, https:\/\/passionvehiculesvaldesaone.com\/wp-content\/uploads\/2022\/06\/EXT-PARKING-300x200.jpg 300w, https:\/\/passionvehiculesvaldesaone.com\/wp-content\/uploads\/2022\/06\/EXT-PARKING-768x512.jpg 768w, https:\/\/passionvehiculesvaldesaone.com\/wp-content\/uploads\/2022\/06\/EXT-PARKING.jpg 1200w\" sizes=\"(max-width: 1024px) 100vw, 1024px\" \/><\/figure>\n<\/div>\n\n\n\n<div class=\"wp-block-cb-slide\">\n<figure class=\"wp-block-image size-large\"><img loading=\"lazy\" decoding=\"async\" width=\"1024\" height=\"683\" src=\"https:\/\/passionvehiculesvaldesaone.com\/wp-content\/uploads\/2022\/06\/INT-2-ROUES-1024x683.jpg\" alt=\"\" class=\"wp-image-528\" srcset=\"https:\/\/passionvehiculesvaldesaone.com\/wp-content\/uploads\/2022\/06\/INT-2-ROUES-1024x683.jpg 1024w, https:\/\/passionvehiculesvaldesaone.com\/wp-content\/uploads\/2022\/06\/INT-2-ROUES-300x200.jpg 300w, https:\/\/passionvehiculesvaldesaone.com\/wp-content\/uploads\/2022\/06\/INT-2-ROUES-768x512.jpg 768w, https:\/\/passionvehiculesvaldesaone.com\/wp-content\/uploads\/2022\/06\/INT-2-ROUES.jpg 1200w\" sizes=\"(max-width: 1024px) 100vw, 1024px\" \/><\/figure>\n<\/div>\n\n\n\n<div class=\"wp-block-cb-slide\">\n<figure class=\"wp-block-image size-large\"><img loading=\"lazy\" decoding=\"async\" width=\"1024\" height=\"683\" src=\"https:\/\/passionvehiculesvaldesaone.com\/wp-content\/uploads\/2022\/06\/INT-HALLE-2-1024x683.jpg\" alt=\"\" class=\"wp-image-529\" srcset=\"https:\/\/passionvehiculesvaldesaone.com\/wp-content\/uploads\/2022\/06\/INT-HALLE-2-1024x683.jpg 1024w, https:\/\/passionvehiculesvaldesaone.com\/wp-content\/uploads\/2022\/06\/INT-HALLE-2-300x200.jpg 300w, https:\/\/passionvehiculesvaldesaone.com\/wp-content\/uploads\/2022\/06\/INT-HALLE-2-768x512.jpg 768w, https:\/\/passionvehiculesvaldesaone.com\/wp-content\/uploads\/2022\/06\/INT-HALLE-2.jpg 1200w\" sizes=\"(max-width: 1024px) 100vw, 1024px\" \/><\/figure>\n<\/div>\n\n\n\n<div class=\"wp-block-cb-slide\"><\/div>\n<\/div>\n<\/div><\/div>\n","protected":false},"excerpt":{"rendered":"<p>dimanche 24 MAI 2026 aura lieu notre 5 eme exposition de Printemps et la 2 \u00e8me bourse de pi\u00e8ces \u00e0 la Halle Perrey \u00e0 Arc les Gray sur toute la [&hellip;]<\/p>\n","protected":false},"author":1,"featured_media":0,"parent":0,"menu_order":0,"comment_status":"closed","ping_status":"closed","template":"","meta":{"footnotes":""},"_links":{"self":[{"href":"https:\/\/passionvehiculesvaldesaone.com\/index.php\/wp-json\/wp\/v2\/pages\/20"}],"collection":[{"href":"https:\/\/passionvehiculesvaldesaone.com\/index.php\/wp-json\/wp\/v2\/pages"}],"about":[{"href":"https:\/\/passionvehiculesvaldesaone.com\/index.php\/wp-json\/wp\/v2\/types\/page"}],"author":[{"embeddable":true,"href":"https:\/\/passionvehiculesvaldesaone.com\/index.php\/wp-json\/wp\/v2\/users\/1"}],"replies":[{"embeddable":true,"href":"https:\/\/passionvehiculesvaldesaone.com\/index.php\/wp-json\/wp\/v2\/comments?post=20"}],"version-history":[{"count":26,"href":"https:\/\/passionvehiculesvaldesaone.com\/index.php\/wp-json\/wp\/v2\/pages\/20\/revisions"}],"predecessor-version":[{"id":1601,"href":"https:\/\/passionvehiculesvaldesaone.com\/index.php\/wp-json\/wp\/v2\/pages\/20\/revisions\/1601"}],"wp:attachment":[{"href":"https:\/\/passionvehiculesvaldesaone.com\/index.php\/wp-json\/wp\/v2\/media?parent=20"}],"curies":[{"name":"wp","href":"https:\/\/api.w.org\/{rel}","templated":true}]}}