{"id":1437,"date":"2023-10-12T13:48:44","date_gmt":"2023-10-12T11:48:44","guid":{"rendered":"http:\/\/passionvehiculesvaldesaone.com\/?page_id=1437"},"modified":"2023-10-12T14:25:56","modified_gmt":"2023-10-12T12:25:56","slug":"journee-patrimoine-17-09-2023","status":"publish","type":"page","link":"https:\/\/passionvehiculesvaldesaone.com\/index.php\/journee-patrimoine-17-09-2023\/","title":{"rendered":"Journ\u00e9e patrimoine 17 09 2023"},"content":{"rendered":"\n<p>Nous nous sommes rendus au ch\u00e2teau de Champagne sur Vingeanne qui nous accueillait dans son parc arbor\u00e9 pour a journ\u00e9e du patrimoine. L&rsquo;occasion d&rsquo;exposer nos v\u00e9hicules \u00e0 c\u00f4te de nombreux autres passionn\u00e9s avec un pique nique le midi. <\/p>\n\n\n\n<p>Retour par nos jolies petites routes, nous retournerons surement l&rsquo;ann\u00e9e prochaine et remercions toute l\u2019\u00e9quipe accueillante qui a fait un super boulot. Un grand bravo.<\/p>\n\n\n\n<figure class=\"wp-block-gallery columns-3 is-cropped wp-block-gallery-1 is-layout-flex wp-block-gallery-is-layout-flex\"><ul class=\"blocks-gallery-grid\"><li class=\"blocks-gallery-item\"><figure><img loading=\"lazy\" decoding=\"async\" width=\"1024\" height=\"576\" src=\"https:\/\/passionvehiculesvaldesaone.com\/wp-content\/uploads\/2023\/10\/20230917_104132-1024x576.jpg\" alt=\"\" data-id=\"1446\" data-full-url=\"https:\/\/passionvehiculesvaldesaone.com\/wp-content\/uploads\/2023\/10\/20230917_104132-scaled.jpg\" data-link=\"https:\/\/passionvehiculesvaldesaone.com\/index.php\/journee-patrimoine-17-09-2023\/20230917_104132\/\" class=\"wp-image-1446\" srcset=\"https:\/\/passionvehiculesvaldesaone.com\/wp-content\/uploads\/2023\/10\/20230917_104132-1024x576.jpg 1024w, https:\/\/passionvehiculesvaldesaone.com\/wp-content\/uploads\/2023\/10\/20230917_104132-300x169.jpg 300w, https:\/\/passionvehiculesvaldesaone.com\/wp-content\/uploads\/2023\/10\/20230917_104132-768x432.jpg 768w, https:\/\/passionvehiculesvaldesaone.com\/wp-content\/uploads\/2023\/10\/20230917_104132-1536x864.jpg 1536w, https:\/\/passionvehiculesvaldesaone.com\/wp-content\/uploads\/2023\/10\/20230917_104132-2048x1152.jpg 2048w, https:\/\/passionvehiculesvaldesaone.com\/wp-content\/uploads\/2023\/10\/20230917_104132-1200x675.jpg 1200w, https:\/\/passionvehiculesvaldesaone.com\/wp-content\/uploads\/2023\/10\/20230917_104132-1980x1114.jpg 1980w\" sizes=\"(max-width: 1024px) 100vw, 1024px\" \/><\/figure><\/li><li class=\"blocks-gallery-item\"><figure><img loading=\"lazy\" decoding=\"async\" width=\"1024\" height=\"576\" src=\"https:\/\/passionvehiculesvaldesaone.com\/wp-content\/uploads\/2023\/10\/20230917_104134-1024x576.jpg\" alt=\"\" data-id=\"1447\" data-full-url=\"https:\/\/passionvehiculesvaldesaone.com\/wp-content\/uploads\/2023\/10\/20230917_104134-scaled.jpg\" data-link=\"https:\/\/passionvehiculesvaldesaone.com\/index.php\/journee-patrimoine-17-09-2023\/20230917_104134\/\" class=\"wp-image-1447\" srcset=\"https:\/\/passionvehiculesvaldesaone.com\/wp-content\/uploads\/2023\/10\/20230917_104134-1024x576.jpg 1024w, https:\/\/passionvehiculesvaldesaone.com\/wp-content\/uploads\/2023\/10\/20230917_104134-300x169.jpg 300w, https:\/\/passionvehiculesvaldesaone.com\/wp-content\/uploads\/2023\/10\/20230917_104134-768x432.jpg 768w, https:\/\/passionvehiculesvaldesaone.com\/wp-content\/uploads\/2023\/10\/20230917_104134-1536x864.jpg 1536w, https:\/\/passionvehiculesvaldesaone.com\/wp-content\/uploads\/2023\/10\/20230917_104134-2048x1152.jpg 2048w, https:\/\/passionvehiculesvaldesaone.com\/wp-content\/uploads\/2023\/10\/20230917_104134-1200x675.jpg 1200w, https:\/\/passionvehiculesvaldesaone.com\/wp-content\/uploads\/2023\/10\/20230917_104134-1980x1114.jpg 1980w\" sizes=\"(max-width: 1024px) 100vw, 1024px\" \/><\/figure><\/li><li class=\"blocks-gallery-item\"><figure><img loading=\"lazy\" decoding=\"async\" width=\"1024\" height=\"576\" src=\"https:\/\/passionvehiculesvaldesaone.com\/wp-content\/uploads\/2023\/10\/20230917_104136-1024x576.jpg\" alt=\"\" data-id=\"1448\" data-full-url=\"https:\/\/passionvehiculesvaldesaone.com\/wp-content\/uploads\/2023\/10\/20230917_104136-scaled.jpg\" data-link=\"https:\/\/passionvehiculesvaldesaone.com\/index.php\/journee-patrimoine-17-09-2023\/20230917_104136\/\" class=\"wp-image-1448\" srcset=\"https:\/\/passionvehiculesvaldesaone.com\/wp-content\/uploads\/2023\/10\/20230917_104136-1024x576.jpg 1024w, https:\/\/passionvehiculesvaldesaone.com\/wp-content\/uploads\/2023\/10\/20230917_104136-300x169.jpg 300w, https:\/\/passionvehiculesvaldesaone.com\/wp-content\/uploads\/2023\/10\/20230917_104136-768x432.jpg 768w, https:\/\/passionvehiculesvaldesaone.com\/wp-content\/uploads\/2023\/10\/20230917_104136-1536x864.jpg 1536w, https:\/\/passionvehiculesvaldesaone.com\/wp-content\/uploads\/2023\/10\/20230917_104136-2048x1152.jpg 2048w, https:\/\/passionvehiculesvaldesaone.com\/wp-content\/uploads\/2023\/10\/20230917_104136-1200x675.jpg 1200w, https:\/\/passionvehiculesvaldesaone.com\/wp-content\/uploads\/2023\/10\/20230917_104136-1980x1114.jpg 1980w\" sizes=\"(max-width: 1024px) 100vw, 1024px\" \/><\/figure><\/li><li class=\"blocks-gallery-item\"><figure><img loading=\"lazy\" decoding=\"async\" width=\"1024\" height=\"576\" src=\"https:\/\/passionvehiculesvaldesaone.com\/wp-content\/uploads\/2023\/10\/20230917_104137-1024x576.jpg\" alt=\"\" data-id=\"1449\" data-full-url=\"https:\/\/passionvehiculesvaldesaone.com\/wp-content\/uploads\/2023\/10\/20230917_104137-scaled.jpg\" data-link=\"https:\/\/passionvehiculesvaldesaone.com\/index.php\/journee-patrimoine-17-09-2023\/20230917_104137\/\" class=\"wp-image-1449\" srcset=\"https:\/\/passionvehiculesvaldesaone.com\/wp-content\/uploads\/2023\/10\/20230917_104137-1024x576.jpg 1024w, https:\/\/passionvehiculesvaldesaone.com\/wp-content\/uploads\/2023\/10\/20230917_104137-300x169.jpg 300w, https:\/\/passionvehiculesvaldesaone.com\/wp-content\/uploads\/2023\/10\/20230917_104137-768x432.jpg 768w, https:\/\/passionvehiculesvaldesaone.com\/wp-content\/uploads\/2023\/10\/20230917_104137-1536x864.jpg 1536w, https:\/\/passionvehiculesvaldesaone.com\/wp-content\/uploads\/2023\/10\/20230917_104137-2048x1152.jpg 2048w, https:\/\/passionvehiculesvaldesaone.com\/wp-content\/uploads\/2023\/10\/20230917_104137-1200x675.jpg 1200w, https:\/\/passionvehiculesvaldesaone.com\/wp-content\/uploads\/2023\/10\/20230917_104137-1980x1114.jpg 1980w\" sizes=\"(max-width: 1024px) 100vw, 1024px\" \/><\/figure><\/li><li class=\"blocks-gallery-item\"><figure><img loading=\"lazy\" decoding=\"async\" width=\"1024\" height=\"576\" src=\"https:\/\/passionvehiculesvaldesaone.com\/wp-content\/uploads\/2023\/10\/20230917_104139-1024x576.jpg\" alt=\"\" data-id=\"1450\" data-full-url=\"https:\/\/passionvehiculesvaldesaone.com\/wp-content\/uploads\/2023\/10\/20230917_104139-scaled.jpg\" data-link=\"https:\/\/passionvehiculesvaldesaone.com\/index.php\/journee-patrimoine-17-09-2023\/20230917_104139\/\" class=\"wp-image-1450\" srcset=\"https:\/\/passionvehiculesvaldesaone.com\/wp-content\/uploads\/2023\/10\/20230917_104139-1024x576.jpg 1024w, https:\/\/passionvehiculesvaldesaone.com\/wp-content\/uploads\/2023\/10\/20230917_104139-300x169.jpg 300w, https:\/\/passionvehiculesvaldesaone.com\/wp-content\/uploads\/2023\/10\/20230917_104139-768x432.jpg 768w, https:\/\/passionvehiculesvaldesaone.com\/wp-content\/uploads\/2023\/10\/20230917_104139-1536x864.jpg 1536w, https:\/\/passionvehiculesvaldesaone.com\/wp-content\/uploads\/2023\/10\/20230917_104139-2048x1152.jpg 2048w, https:\/\/passionvehiculesvaldesaone.com\/wp-content\/uploads\/2023\/10\/20230917_104139-1200x675.jpg 1200w, https:\/\/passionvehiculesvaldesaone.com\/wp-content\/uploads\/2023\/10\/20230917_104139-1980x1114.jpg 1980w\" sizes=\"(max-width: 1024px) 100vw, 1024px\" \/><\/figure><\/li><li class=\"blocks-gallery-item\"><figure><img loading=\"lazy\" decoding=\"async\" width=\"1024\" height=\"576\" src=\"https:\/\/passionvehiculesvaldesaone.com\/wp-content\/uploads\/2023\/10\/20230917_104142-1024x576.jpg\" alt=\"\" data-id=\"1451\" data-full-url=\"https:\/\/passionvehiculesvaldesaone.com\/wp-content\/uploads\/2023\/10\/20230917_104142-scaled.jpg\" data-link=\"https:\/\/passionvehiculesvaldesaone.com\/index.php\/journee-patrimoine-17-09-2023\/20230917_104142\/\" class=\"wp-image-1451\" srcset=\"https:\/\/passionvehiculesvaldesaone.com\/wp-content\/uploads\/2023\/10\/20230917_104142-1024x576.jpg 1024w, https:\/\/passionvehiculesvaldesaone.com\/wp-content\/uploads\/2023\/10\/20230917_104142-300x169.jpg 300w, https:\/\/passionvehiculesvaldesaone.com\/wp-content\/uploads\/2023\/10\/20230917_104142-768x432.jpg 768w, https:\/\/passionvehiculesvaldesaone.com\/wp-content\/uploads\/2023\/10\/20230917_104142-1536x864.jpg 1536w, https:\/\/passionvehiculesvaldesaone.com\/wp-content\/uploads\/2023\/10\/20230917_104142-2048x1152.jpg 2048w, https:\/\/passionvehiculesvaldesaone.com\/wp-content\/uploads\/2023\/10\/20230917_104142-1200x675.jpg 1200w, https:\/\/passionvehiculesvaldesaone.com\/wp-content\/uploads\/2023\/10\/20230917_104142-1980x1114.jpg 1980w\" sizes=\"(max-width: 1024px) 100vw, 1024px\" \/><\/figure><\/li><li class=\"blocks-gallery-item\"><figure><img loading=\"lazy\" decoding=\"async\" width=\"1024\" height=\"576\" src=\"https:\/\/passionvehiculesvaldesaone.com\/wp-content\/uploads\/2023\/10\/20230917_104146-1024x576.jpg\" alt=\"\" data-id=\"1452\" data-full-url=\"https:\/\/passionvehiculesvaldesaone.com\/wp-content\/uploads\/2023\/10\/20230917_104146-scaled.jpg\" data-link=\"https:\/\/passionvehiculesvaldesaone.com\/index.php\/journee-patrimoine-17-09-2023\/20230917_104146\/\" class=\"wp-image-1452\" srcset=\"https:\/\/passionvehiculesvaldesaone.com\/wp-content\/uploads\/2023\/10\/20230917_104146-1024x576.jpg 1024w, https:\/\/passionvehiculesvaldesaone.com\/wp-content\/uploads\/2023\/10\/20230917_104146-300x169.jpg 300w, https:\/\/passionvehiculesvaldesaone.com\/wp-content\/uploads\/2023\/10\/20230917_104146-768x432.jpg 768w, https:\/\/passionvehiculesvaldesaone.com\/wp-content\/uploads\/2023\/10\/20230917_104146-1536x864.jpg 1536w, https:\/\/passionvehiculesvaldesaone.com\/wp-content\/uploads\/2023\/10\/20230917_104146-2048x1152.jpg 2048w, https:\/\/passionvehiculesvaldesaone.com\/wp-content\/uploads\/2023\/10\/20230917_104146-1200x675.jpg 1200w, https:\/\/passionvehiculesvaldesaone.com\/wp-content\/uploads\/2023\/10\/20230917_104146-1980x1114.jpg 1980w\" sizes=\"(max-width: 1024px) 100vw, 1024px\" \/><\/figure><\/li><li class=\"blocks-gallery-item\"><figure><img loading=\"lazy\" decoding=\"async\" width=\"1024\" height=\"576\" src=\"https:\/\/passionvehiculesvaldesaone.com\/wp-content\/uploads\/2023\/10\/20230917_104158-1024x576.jpg\" alt=\"\" data-id=\"1453\" data-full-url=\"https:\/\/passionvehiculesvaldesaone.com\/wp-content\/uploads\/2023\/10\/20230917_104158-scaled.jpg\" data-link=\"https:\/\/passionvehiculesvaldesaone.com\/index.php\/journee-patrimoine-17-09-2023\/20230917_104158\/\" class=\"wp-image-1453\" srcset=\"https:\/\/passionvehiculesvaldesaone.com\/wp-content\/uploads\/2023\/10\/20230917_104158-1024x576.jpg 1024w, https:\/\/passionvehiculesvaldesaone.com\/wp-content\/uploads\/2023\/10\/20230917_104158-300x169.jpg 300w, https:\/\/passionvehiculesvaldesaone.com\/wp-content\/uploads\/2023\/10\/20230917_104158-768x432.jpg 768w, https:\/\/passionvehiculesvaldesaone.com\/wp-content\/uploads\/2023\/10\/20230917_104158-1536x864.jpg 1536w, https:\/\/passionvehiculesvaldesaone.com\/wp-content\/uploads\/2023\/10\/20230917_104158-2048x1152.jpg 2048w, https:\/\/passionvehiculesvaldesaone.com\/wp-content\/uploads\/2023\/10\/20230917_104158-1200x675.jpg 1200w, https:\/\/passionvehiculesvaldesaone.com\/wp-content\/uploads\/2023\/10\/20230917_104158-1980x1114.jpg 1980w\" sizes=\"(max-width: 1024px) 100vw, 1024px\" \/><\/figure><\/li><\/ul><\/figure>\n","protected":false},"excerpt":{"rendered":"<p>Nous nous sommes rendus au ch\u00e2teau de Champagne sur Vingeanne qui nous accueillait dans son parc arbor\u00e9 pour a journ\u00e9e du patrimoine. L&rsquo;occasion d&rsquo;exposer nos v\u00e9hicules \u00e0 c\u00f4te de nombreux [&hellip;]<\/p>\n","protected":false},"author":1,"featured_media":0,"parent":0,"menu_order":0,"comment_status":"closed","ping_status":"closed","template":"","meta":{"footnotes":""},"_links":{"self":[{"href":"https:\/\/passionvehiculesvaldesaone.com\/index.php\/wp-json\/wp\/v2\/pages\/1437"}],"collection":[{"href":"https:\/\/passionvehiculesvaldesaone.com\/index.php\/wp-json\/wp\/v2\/pages"}],"about":[{"href":"https:\/\/passionvehiculesvaldesaone.com\/index.php\/wp-json\/wp\/v2\/types\/page"}],"author":[{"embeddable":true,"href":"https:\/\/passionvehiculesvaldesaone.com\/index.php\/wp-json\/wp\/v2\/users\/1"}],"replies":[{"embeddable":true,"href":"https:\/\/passionvehiculesvaldesaone.com\/index.php\/wp-json\/wp\/v2\/comments?post=1437"}],"version-history":[{"count":4,"href":"https:\/\/passionvehiculesvaldesaone.com\/index.php\/wp-json\/wp\/v2\/pages\/1437\/revisions"}],"predecessor-version":[{"id":1456,"href":"https:\/\/passionvehiculesvaldesaone.com\/index.php\/wp-json\/wp\/v2\/pages\/1437\/revisions\/1456"}],"wp:attachment":[{"href":"https:\/\/passionvehiculesvaldesaone.com\/index.php\/wp-json\/wp\/v2\/media?parent=1437"}],"curies":[{"name":"wp","href":"https:\/\/api.w.org\/{rel}","templated":true}]}}